{"id":2758,"date":"2023-11-20T09:18:06","date_gmt":"2023-11-20T07:18:06","guid":{"rendered":"https:\/\/comunitatregants.org\/web\/?page_id=2758"},"modified":"2024-08-19T10:48:27","modified_gmt":"2024-08-19T08:48:27","slug":"ajutssubvencions","status":"publish","type":"page","link":"https:\/\/comunitatregants.org\/web\/zones\/prats\/ajutssubvencions\/","title":{"rendered":"AJUTS I SUBVENCIONS"},"content":{"rendered":"\t\t<div data-elementor-type=\"wp-page\" data-elementor-id=\"2758\" class=\"elementor elementor-2758\">\n\t\t\t\t\t\t<section class=\"elementor-section elementor-top-section elementor-element elementor-element-c3ef750 elementor-section-full_width elementor-section-height-min-height elementor-section-height-default elementor-section-items-middle\" data-id=\"c3ef750\" data-element_type=\"section\" data-settings=\"{&quot;background_background&quot;:&quot;classic&quot;}\">\n\t\t\t\t\t\t<div class=\"elementor-container elementor-column-gap-default\">\n\t\t\t\t\t<div class=\"elementor-column elementor-col-100 elementor-top-column elementor-element elementor-element-2c41f0b\" data-id=\"2c41f0b\" data-element_type=\"column\">\n\t\t\t<div class=\"elementor-widget-wrap elementor-element-populated\">\n\t\t\t\t\t\t<div class=\"elementor-element elementor-element-b9b39ea elementor-widget elementor-widget-heading\" data-id=\"b9b39ea\" data-element_type=\"widget\" data-widget_type=\"heading.default\">\n\t\t\t\t<div class=\"elementor-widget-container\">\n\t\t\t<h1 class=\"elementor-heading-title elementor-size-default\">AJUTS I SUBVENCIONS<\/h1>\t\t<\/div>\n\t\t\t\t<\/div>\n\t\t\t\t<div class=\"elementor-element elementor-element-ef298cf elementor-align-center elementor-widget elementor-widget-raven-breadcrumbs\" data-id=\"ef298cf\" data-element_type=\"widget\" data-widget_type=\"raven-breadcrumbs.default\">\n\t\t\t\t<div class=\"elementor-widget-container\">\n\t\t\t<div class=\"raven-breadcrumbs raven-breadcrumbs-default\"><div class=\"breadcrumb\">\t\t\t\t<div class=\"breadcrumb-item active\" aria-current=\"page\"><span>Home<\/span><\/div>\n\n\t\t\t\t<\/div><\/div>\t\t<\/div>\n\t\t\t\t<\/div>\n\t\t\t\t\t<\/div>\n\t\t<\/div>\n\t\t\t\t\t<\/div>\n\t\t<\/section>\n\t\t\t\t<section class=\"elementor-section elementor-top-section elementor-element elementor-element-9f6e479 elementor-section-full_width elementor-section-height-default elementor-section-height-default\" data-id=\"9f6e479\" data-element_type=\"section\">\n\t\t\t\t\t\t<div class=\"elementor-container elementor-column-gap-no\">\n\t\t\t\t\t<div class=\"elementor-column elementor-col-100 elementor-top-column elementor-element elementor-element-dd68e1e\" data-id=\"dd68e1e\" data-element_type=\"column\">\n\t\t\t<div class=\"elementor-widget-wrap elementor-element-populated\">\n\t\t\t\t\t\t<div class=\"elementor-element elementor-element-5286e07 elementor-widget elementor-widget-raven-advanced-posts\" data-id=\"5286e07\" data-element_type=\"widget\" data-settings=\"{&quot;columns&quot;:&quot;4&quot;,&quot;query_posts_per_page&quot;:8,&quot;general_layout&quot;:&quot;grid&quot;,&quot;columns_tablet&quot;:&quot;2&quot;,&quot;columns_mobile&quot;:&quot;1&quot;,&quot;query_offset&quot;:0}\" data-widget_type=\"raven-advanced-posts.default\">\n\t\t\t\t<div class=\"elementor-widget-container\">\n\t\t\t\t\t<div class=\"raven-posts raven-posts-grid\">\n\t\t\t\t\t\t<div class=\"advanced-posts-content content-layout-under-image raven-grid raven-grid-4 raven-grid-mobile-1 raven-grid-tablet-2  \" data-post-id=\"2758\" data-archive-query=\"\">\n\t\t\t\t<div class=\"raven-posts-item raven-grid-item  \"><div class=\"raven-post-wrapper \"><div class=\"raven-post  \"><div class=\"raven-post-content\"><div class=\"raven-post-meta\"><a class=\"raven-post-meta-item raven-post-date\" href=\"https:\/\/comunitatregants.org\/web\/2020\/01\/\" rel=\"bookmark\">gener 1, 2020<\/a><\/div><h3 class=\"raven-post-title\"><a class=\"raven-post-title-link\" href=\"https:\/\/comunitatregants.org\/web\/2020\/01\/01\/informacio-i-publicitat-en-el-marc-del-pdr-2014-2020\/\">Informaci\u00f3 i Publicitat en el marc del PDR 2014-2020<\/a><\/h3><div class=\"raven-post-excerpt\">Podeu veure-ho aqu\u00ed PDF.<\/div><\/div><\/div><\/div><\/div><div class=\"raven-posts-item raven-grid-item  \"><div class=\"raven-post-wrapper \"><div class=\"raven-post  \"><div class=\"raven-post-content\"><div class=\"raven-post-meta\"><a class=\"raven-post-meta-item raven-post-date\" href=\"https:\/\/comunitatregants.org\/web\/2019\/12\/\" rel=\"bookmark\">desembre 17, 2019<\/a><\/div><h3 class=\"raven-post-title\"><a class=\"raven-post-title-link\" href=\"https:\/\/comunitatregants.org\/web\/2019\/12\/17\/ajut-museitzacio-conservacio-arxiu-historic\/\">Ajut de la Diputaci\u00f3 de Tarragona al Projecte de Muse\u00eftzaci\u00f3 i Conservaci\u00f3 de l&#8217;Arxiu Hist\u00f2ric- 17\/12\/2019<\/a><\/h3><div class=\"raven-post-excerpt\">Veure PDF<\/div><\/div><\/div><\/div><\/div><div class=\"raven-posts-item raven-grid-item  \"><div class=\"raven-post-wrapper \"><div class=\"raven-post  \"><div class=\"raven-post-content\"><div class=\"raven-post-meta\"><a class=\"raven-post-meta-item raven-post-date\" href=\"https:\/\/comunitatregants.org\/web\/2018\/06\/\" rel=\"bookmark\">juny 4, 2018<\/a><\/div><h3 class=\"raven-post-title\"><a class=\"raven-post-title-link\" href=\"https:\/\/comunitatregants.org\/web\/2018\/06\/04\/renuncia-ajut-regadora-cabusson-4juny\/\">Edicte ren\u00fancia ajut per a la Millora i Modernitzaci\u00f3 de la regadora Paridera Cabusson &#8211; Fase II. Ordre ARP\/56\/2018, de 4 de juny<\/a><\/h3><div class=\"raven-post-excerpt\">Veure PDF.<\/div><\/div><\/div><\/div><\/div><div class=\"raven-posts-item raven-grid-item  \"><div class=\"raven-post-wrapper \"><div class=\"raven-post  \"><div class=\"raven-post-content\"><div class=\"raven-post-meta\"><a class=\"raven-post-meta-item raven-post-date\" href=\"https:\/\/comunitatregants.org\/web\/2015\/08\/\" rel=\"bookmark\">agost 5, 2015<\/a><\/div><h3 class=\"raven-post-title\"><a class=\"raven-post-title-link\" href=\"https:\/\/comunitatregants.org\/web\/2015\/08\/05\/ajut-paridera-cabusson-2015\/\">Resoluci\u00f3 de l&#8217;ajut a la millora de la Reg. Paridera Cabusson a l&#8217;empara de l&#8217;Ordre ARP\/270\/2015 de 5 d&#8217;agost de 2015<\/a><\/h3><div class=\"raven-post-excerpt\">Veure PDF<\/div><\/div><\/div><\/div><\/div>\t\t\t<\/div>\n\t\t\t\t\t<\/div>\n\t\t\t\t<\/div>\n\t\t\t\t<\/div>\n\t\t\t\t\t<\/div>\n\t\t<\/div>\n\t\t\t\t\t<\/div>\n\t\t<\/section>\n\t\t\t\t<\/div>\n\t\t","protected":false},"excerpt":{"rendered":"<p>AJUTS I SUBVENCIONS Home gener 1, 2020 Informaci\u00f3 i Publicitat en el marc del PDR 2014-2020 Podeu veure-ho aqu\u00ed PDF.desembre 17, 2019 Ajut de la Diputaci\u00f3 de Tarragona al Projecte de Muse\u00eftzaci\u00f3 i Conservaci\u00f3 de l&#8217;Arxiu Hist\u00f2ric- 17\/12\/2019 Veure PDFjuny 4, 2018 Edicte ren\u00fancia ajut per a la Millora i Modernitzaci\u00f3 de la regadora Paridera [&hellip;]<\/p>\n","protected":false},"author":1,"featured_media":0,"parent":2669,"menu_order":0,"comment_status":"closed","ping_status":"closed","template":"full-width.php","meta":{"_acf_changed":false,"footnotes":""},"class_list":["post-2758","page","type-page","status-publish","hentry"],"acf":[],"_links":{"self":[{"href":"https:\/\/comunitatregants.org\/web\/wp-json\/wp\/v2\/pages\/2758","targetHints":{"allow":["GET"]}}],"collection":[{"href":"https:\/\/comunitatregants.org\/web\/wp-json\/wp\/v2\/pages"}],"about":[{"href":"https:\/\/comunitatregants.org\/web\/wp-json\/wp\/v2\/types\/page"}],"author":[{"embeddable":true,"href":"https:\/\/comunitatregants.org\/web\/wp-json\/wp\/v2\/users\/1"}],"replies":[{"embeddable":true,"href":"https:\/\/comunitatregants.org\/web\/wp-json\/wp\/v2\/comments?post=2758"}],"version-history":[{"count":0,"href":"https:\/\/comunitatregants.org\/web\/wp-json\/wp\/v2\/pages\/2758\/revisions"}],"up":[{"embeddable":true,"href":"https:\/\/comunitatregants.org\/web\/wp-json\/wp\/v2\/pages\/2669"}],"wp:attachment":[{"href":"https:\/\/comunitatregants.org\/web\/wp-json\/wp\/v2\/media?parent=2758"}],"curies":[{"name":"wp","href":"https:\/\/api.w.org\/{rel}","templated":true}]}}