{"id":2759,"date":"2023-11-20T09:17:49","date_gmt":"2023-11-20T07:17:49","guid":{"rendered":"https:\/\/comunitatregants.org\/web\/?page_id=2759"},"modified":"2024-08-19T10:34:10","modified_gmt":"2024-08-19T08:34:10","slug":"ajutssubvencions","status":"publish","type":"page","link":"https:\/\/comunitatregants.org\/web\/zones\/delta\/ajutssubvencions\/","title":{"rendered":"AJUTS I SUBVENCIONS"},"content":{"rendered":"\t\t<div data-elementor-type=\"wp-page\" data-elementor-id=\"2759\" class=\"elementor elementor-2759\">\n\t\t\t\t\t\t<section class=\"elementor-section elementor-top-section elementor-element elementor-element-c3ef750 elementor-section-full_width elementor-section-height-min-height elementor-section-height-default elementor-section-items-middle\" data-id=\"c3ef750\" data-element_type=\"section\" data-settings=\"{&quot;background_background&quot;:&quot;classic&quot;}\">\n\t\t\t\t\t\t<div class=\"elementor-container elementor-column-gap-default\">\n\t\t\t\t\t<div class=\"elementor-column elementor-col-100 elementor-top-column elementor-element elementor-element-2c41f0b\" data-id=\"2c41f0b\" data-element_type=\"column\">\n\t\t\t<div class=\"elementor-widget-wrap elementor-element-populated\">\n\t\t\t\t\t\t<div class=\"elementor-element elementor-element-b9b39ea elementor-widget elementor-widget-heading\" data-id=\"b9b39ea\" data-element_type=\"widget\" data-widget_type=\"heading.default\">\n\t\t\t\t<div class=\"elementor-widget-container\">\n\t\t\t<h1 class=\"elementor-heading-title elementor-size-default\">AJUTS I SUBVENCIONS<\/h1>\t\t<\/div>\n\t\t\t\t<\/div>\n\t\t\t\t<div class=\"elementor-element elementor-element-ef298cf elementor-align-center elementor-widget elementor-widget-raven-breadcrumbs\" data-id=\"ef298cf\" data-element_type=\"widget\" data-widget_type=\"raven-breadcrumbs.default\">\n\t\t\t\t<div class=\"elementor-widget-container\">\n\t\t\t<div class=\"raven-breadcrumbs raven-breadcrumbs-default\"><div class=\"breadcrumb\">\t\t\t\t<div class=\"breadcrumb-item active\" aria-current=\"page\"><span>Home<\/span><\/div>\n\n\t\t\t\t<\/div><\/div>\t\t<\/div>\n\t\t\t\t<\/div>\n\t\t\t\t\t<\/div>\n\t\t<\/div>\n\t\t\t\t\t<\/div>\n\t\t<\/section>\n\t\t\t\t<section class=\"elementor-section elementor-top-section elementor-element elementor-element-9f6e479 elementor-section-full_width elementor-section-height-default elementor-section-height-default\" data-id=\"9f6e479\" data-element_type=\"section\">\n\t\t\t\t\t\t<div class=\"elementor-container elementor-column-gap-no\">\n\t\t\t\t\t<div class=\"elementor-column elementor-col-100 elementor-top-column elementor-element elementor-element-dd68e1e\" data-id=\"dd68e1e\" data-element_type=\"column\">\n\t\t\t<div class=\"elementor-widget-wrap elementor-element-populated\">\n\t\t\t\t\t\t<div class=\"elementor-element elementor-element-bda71c8 elementor-widget elementor-widget-raven-advanced-posts\" data-id=\"bda71c8\" data-element_type=\"widget\" data-settings=\"{&quot;columns&quot;:&quot;4&quot;,&quot;query_posts_per_page&quot;:8,&quot;general_layout&quot;:&quot;grid&quot;,&quot;columns_tablet&quot;:&quot;2&quot;,&quot;columns_mobile&quot;:&quot;1&quot;,&quot;query_offset&quot;:0}\" data-widget_type=\"raven-advanced-posts.default\">\n\t\t\t\t<div class=\"elementor-widget-container\">\n\t\t\t\t\t<div class=\"raven-posts raven-posts-grid\">\n\t\t\t\t\t\t<div class=\"advanced-posts-content content-layout-under-image raven-grid raven-grid-4 raven-grid-mobile-1 raven-grid-tablet-2  \" data-post-id=\"2759\" data-archive-query=\"\">\n\t\t\t\t<div class=\"raven-posts-item raven-grid-item  \"><div class=\"raven-post-wrapper \"><div class=\"raven-post  \"><div class=\"raven-post-content\"><div class=\"raven-post-meta\"><a class=\"raven-post-meta-item raven-post-date\" href=\"https:\/\/comunitatregants.org\/web\/2020\/01\/\" rel=\"bookmark\">gener 1, 2020<\/a><\/div><h3 class=\"raven-post-title\"><a class=\"raven-post-title-link\" href=\"https:\/\/comunitatregants.org\/web\/2020\/01\/01\/informacio-i-publicitat-en-el-marc-del-pdr-2014-2020\/\">Informaci\u00f3 i Publicitat en el marc del PDR 2014-2020<\/a><\/h3><div class=\"raven-post-excerpt\">Podeu veure-ho aqu\u00ed PDF.<\/div><\/div><\/div><\/div><\/div><div class=\"raven-posts-item raven-grid-item  \"><div class=\"raven-post-wrapper \"><div class=\"raven-post  \"><div class=\"raven-post-content\"><div class=\"raven-post-meta\"><a class=\"raven-post-meta-item raven-post-date\" href=\"https:\/\/comunitatregants.org\/web\/2019\/02\/\" rel=\"bookmark\">febrer 17, 2019<\/a><\/div><h3 class=\"raven-post-title\"><a class=\"raven-post-title-link\" href=\"https:\/\/comunitatregants.org\/web\/2019\/02\/17\/ajut-de-la-diputacio-de-tarragona-per-al-projecte-dordenacio-classificacio-i-digitalitzacio-de-larxiu-historic\/\">Ajut de la Diputaci\u00f3 de Tarragona per al Projecte d&#8217;Ordenaci\u00f3, Classificaci\u00f3 i Digitalitzaci\u00f3 de l&#8217;Arxiu Hist\u00f2ric<\/a><\/h3><div class=\"raven-post-excerpt\">Projecte d&#8217;Ordenaci\u00f3, Classificaci\u00f3 i Digitalitzaci\u00f3 de l&#8217;Arxiu Hist\u00f2ric Objectius Ordenaci\u00f3, classificaci\u00f3 i descripci\u00f3 de tots els documents hist\u00f2rics<\/div><\/div><\/div><\/div><\/div><div class=\"raven-posts-item raven-grid-item  \"><div class=\"raven-post-wrapper \"><div class=\"raven-post  \"><div class=\"raven-post-content\"><div class=\"raven-post-meta\"><a class=\"raven-post-meta-item raven-post-date\" href=\"https:\/\/comunitatregants.org\/web\/2015\/08\/\" rel=\"bookmark\">agost 5, 2015<\/a><\/div><h3 class=\"raven-post-title\"><a class=\"raven-post-title-link\" href=\"https:\/\/comunitatregants.org\/web\/2015\/08\/05\/resolucio-de-lajut-a-la-millora-de-la-reg-candro-bassafonda-a-lempara-de-lordre-arp-270-2015-de-5-dagost-de-2015\/\">Resoluci\u00f3 de l&#8217;ajut a la millora de la Reg. Candro Bassafonda a l&#8217;empara de l&#8217;Ordre ARP\/270\/2015 de 5 d&#8217;agost de 2015<\/a><\/h3><div class=\"raven-post-excerpt\">Podeu veure-ho aqu\u00ed\u00a0PDF.<\/div><\/div><\/div><\/div><\/div>\t\t\t<\/div>\n\t\t\t\t\t<\/div>\n\t\t\t\t<\/div>\n\t\t\t\t<\/div>\n\t\t\t\t\t<\/div>\n\t\t<\/div>\n\t\t\t\t\t<\/div>\n\t\t<\/section>\n\t\t\t\t<\/div>\n\t\t","protected":false},"excerpt":{"rendered":"<p>AJUTS I SUBVENCIONS Home febrer 12, 2024 Ajut de la Diputaci\u00f3 de Tarragona per al Projecte d&#8217;Ordenaci\u00f3, Classificaci\u00f3 i Digitalitzaci\u00f3 de l&#8217;Arxiu Hist\u00f2ric Projecte d&#8217;Ordenaci\u00f3, Classificaci\u00f3 i Digitalitzaci\u00f3 de l&#8217;Arxiu Hist\u00f2ric Objectius Ordenaci\u00f3, classificaci\u00f3 i descripci\u00f3 de tots els documents hist\u00f2ricsgener 1, 2020 Informaci\u00f3 i Publicitat en el marc del PDR 2014-2020 Podeu veure-ho aqu\u00ed [&hellip;]<\/p>\n","protected":false},"author":1,"featured_media":0,"parent":2671,"menu_order":0,"comment_status":"closed","ping_status":"closed","template":"full-width.php","meta":{"_acf_changed":false,"footnotes":""},"class_list":["post-2759","page","type-page","status-publish","hentry"],"acf":[],"_links":{"self":[{"href":"https:\/\/comunitatregants.org\/web\/wp-json\/wp\/v2\/pages\/2759","targetHints":{"allow":["GET"]}}],"collection":[{"href":"https:\/\/comunitatregants.org\/web\/wp-json\/wp\/v2\/pages"}],"about":[{"href":"https:\/\/comunitatregants.org\/web\/wp-json\/wp\/v2\/types\/page"}],"author":[{"embeddable":true,"href":"https:\/\/comunitatregants.org\/web\/wp-json\/wp\/v2\/users\/1"}],"replies":[{"embeddable":true,"href":"https:\/\/comunitatregants.org\/web\/wp-json\/wp\/v2\/comments?post=2759"}],"version-history":[{"count":0,"href":"https:\/\/comunitatregants.org\/web\/wp-json\/wp\/v2\/pages\/2759\/revisions"}],"up":[{"embeddable":true,"href":"https:\/\/comunitatregants.org\/web\/wp-json\/wp\/v2\/pages\/2671"}],"wp:attachment":[{"href":"https:\/\/comunitatregants.org\/web\/wp-json\/wp\/v2\/media?parent=2759"}],"curies":[{"name":"wp","href":"https:\/\/api.w.org\/{rel}","templated":true}]}}