{"id":2824,"date":"2023-11-20T10:18:39","date_gmt":"2023-11-20T08:18:39","guid":{"rendered":"https:\/\/comunitatregants.org\/web\/?page_id=2824"},"modified":"2026-04-08T16:04:27","modified_gmt":"2026-04-08T14:04:27","slug":"economia","status":"publish","type":"page","link":"https:\/\/comunitatregants.org\/web\/zones\/prats\/economia\/","title":{"rendered":"Informaci\u00f3 Econ\u00f2mica"},"content":{"rendered":"\t\t<div data-elementor-type=\"wp-page\" data-elementor-id=\"2824\" class=\"elementor elementor-2824\">\n\t\t\t\t\t\t<section class=\"elementor-section elementor-top-section elementor-element elementor-element-c3ef750 elementor-section-full_width elementor-section-height-min-height elementor-section-height-default elementor-section-items-middle\" data-id=\"c3ef750\" data-element_type=\"section\" data-settings=\"{&quot;background_background&quot;:&quot;classic&quot;}\">\n\t\t\t\t\t\t<div class=\"elementor-container elementor-column-gap-default\">\n\t\t\t\t\t<div class=\"elementor-column elementor-col-100 elementor-top-column elementor-element elementor-element-2c41f0b\" data-id=\"2c41f0b\" data-element_type=\"column\">\n\t\t\t<div class=\"elementor-widget-wrap elementor-element-populated\">\n\t\t\t\t\t\t<div class=\"elementor-element elementor-element-b9b39ea elementor-widget elementor-widget-heading\" data-id=\"b9b39ea\" data-element_type=\"widget\" data-widget_type=\"heading.default\">\n\t\t\t\t<div class=\"elementor-widget-container\">\n\t\t\t<h1 class=\"elementor-heading-title elementor-size-default\">INFORMACI\u00d3 ECON\u00d2MICA<\/h1>\t\t<\/div>\n\t\t\t\t<\/div>\n\t\t\t\t<div class=\"elementor-element elementor-element-ef298cf elementor-align-center elementor-widget elementor-widget-raven-breadcrumbs\" data-id=\"ef298cf\" data-element_type=\"widget\" data-widget_type=\"raven-breadcrumbs.default\">\n\t\t\t\t<div class=\"elementor-widget-container\">\n\t\t\t<div class=\"raven-breadcrumbs raven-breadcrumbs-default\"><div class=\"breadcrumb\">\t\t\t\t<div class=\"breadcrumb-item active\" aria-current=\"page\"><span>Home<\/span><\/div>\n\n\t\t\t\t<\/div><\/div>\t\t<\/div>\n\t\t\t\t<\/div>\n\t\t\t\t\t<\/div>\n\t\t<\/div>\n\t\t\t\t\t<\/div>\n\t\t<\/section>\n\t\t\t\t<section class=\"elementor-section elementor-top-section elementor-element elementor-element-9f6e479 elementor-section-boxed elementor-section-height-default elementor-section-height-default\" data-id=\"9f6e479\" data-element_type=\"section\" data-settings=\"{&quot;background_background&quot;:&quot;classic&quot;}\">\n\t\t\t\t\t\t<div class=\"elementor-container elementor-column-gap-no\">\n\t\t\t\t\t<div class=\"elementor-column elementor-col-100 elementor-top-column elementor-element elementor-element-dd68e1e\" data-id=\"dd68e1e\" data-element_type=\"column\">\n\t\t\t<div class=\"elementor-widget-wrap elementor-element-populated\">\n\t\t\t\t\t\t<div class=\"elementor-element elementor-element-9562410 elementor-widget elementor-widget-toggle\" data-id=\"9562410\" data-element_type=\"widget\" data-widget_type=\"toggle.default\">\n\t\t\t\t<div class=\"elementor-widget-container\">\n\t\t\t\t\t<div class=\"elementor-toggle\">\n\t\t\t\t\t\t\t<div class=\"elementor-toggle-item\">\n\t\t\t\t\t<div id=\"elementor-tab-title-1561\" class=\"elementor-tab-title\" data-tab=\"1\" role=\"button\" aria-controls=\"elementor-tab-content-1561\" aria-expanded=\"false\">\n\t\t\t\t\t\t\t\t\t\t\t\t<span class=\"elementor-toggle-icon elementor-toggle-icon-left\" aria-hidden=\"true\">\n\t\t\t\t\t\t\t\t\t\t\t\t\t\t\t<span class=\"elementor-toggle-icon-closed\"><i class=\"fas fa-caret-right\"><\/i><\/span>\n\t\t\t\t\t\t\t\t<span class=\"elementor-toggle-icon-opened\"><i class=\"elementor-toggle-icon-opened fas fa-caret-up\"><\/i><\/span>\n\t\t\t\t\t\t\t\t\t\t\t\t\t<\/span>\n\t\t\t\t\t\t\t\t\t\t\t\t<a class=\"elementor-toggle-title\" tabindex=\"0\">2025<\/a>\n\t\t\t\t\t<\/div>\n\n\t\t\t\t\t<div id=\"elementor-tab-content-1561\" class=\"elementor-tab-content elementor-clearfix\" data-tab=\"1\" role=\"region\" aria-labelledby=\"elementor-tab-title-1561\"><p><a href=\"https:\/\/comunitatregants.org\/web\/wp-content\/uploads\/2026\/04\/2025-ZONA-PRATS-Informe-de-AuditoriaCCAA.pdf\">Auditoria de comptes Zona Prats 2025<\/a><\/p><p><a href=\"https:\/\/comunitatregants.org\/web\/wp-content\/uploads\/2026\/04\/BALANC-SITUACIO-PRATS-2025.pdf\">Balan\u00e7 Situaci\u00f3 Zona Prats 2025<\/a><\/p><p><a href=\"https:\/\/comunitatregants.org\/web\/wp-content\/uploads\/2026\/04\/BALANC-EXPLOTACIO-PRATS-2025.pdf\">Balan\u00e7 Explotaci\u00f3 Zona Prats 2025<\/a><\/p><p><a href=\"https:\/\/comunitatregants.org\/web\/wp-content\/uploads\/2026\/04\/pressupost-2025-zona-prats-.pdf\">Pressupost Zona Prats 2025<\/a><\/p><p>\u00a0<\/p><\/div>\n\t\t\t\t<\/div>\n\t\t\t\t\t\t\t<div class=\"elementor-toggle-item\">\n\t\t\t\t\t<div id=\"elementor-tab-title-1562\" class=\"elementor-tab-title\" data-tab=\"2\" role=\"button\" aria-controls=\"elementor-tab-content-1562\" aria-expanded=\"false\">\n\t\t\t\t\t\t\t\t\t\t\t\t<span class=\"elementor-toggle-icon elementor-toggle-icon-left\" aria-hidden=\"true\">\n\t\t\t\t\t\t\t\t\t\t\t\t\t\t\t<span class=\"elementor-toggle-icon-closed\"><i class=\"fas fa-caret-right\"><\/i><\/span>\n\t\t\t\t\t\t\t\t<span class=\"elementor-toggle-icon-opened\"><i class=\"elementor-toggle-icon-opened fas fa-caret-up\"><\/i><\/span>\n\t\t\t\t\t\t\t\t\t\t\t\t\t<\/span>\n\t\t\t\t\t\t\t\t\t\t\t\t<a class=\"elementor-toggle-title\" tabindex=\"0\">2024<\/a>\n\t\t\t\t\t<\/div>\n\n\t\t\t\t\t<div id=\"elementor-tab-content-1562\" class=\"elementor-tab-content elementor-clearfix\" data-tab=\"2\" role=\"region\" aria-labelledby=\"elementor-tab-title-1562\"><p><a href=\"https:\/\/comunitatregants.org\/doc\/pressupost-zona-prats-2024.pdf\">Pressupost Zona Prats 2024<\/a><\/p><p><a href=\"https:\/\/comunitatregants.org\/web\/wp-content\/uploads\/2025\/05\/2024-Zona-PRATS-Informe-audit.-CCAA-2024-firmado.pdf\">Auditoria de comptes Zona Prats 2024<\/a><\/p><\/div>\n\t\t\t\t<\/div>\n\t\t\t\t\t\t\t<div class=\"elementor-toggle-item\">\n\t\t\t\t\t<div id=\"elementor-tab-title-1563\" class=\"elementor-tab-title\" data-tab=\"3\" role=\"button\" aria-controls=\"elementor-tab-content-1563\" aria-expanded=\"false\">\n\t\t\t\t\t\t\t\t\t\t\t\t<span class=\"elementor-toggle-icon elementor-toggle-icon-left\" aria-hidden=\"true\">\n\t\t\t\t\t\t\t\t\t\t\t\t\t\t\t<span class=\"elementor-toggle-icon-closed\"><i class=\"fas fa-caret-right\"><\/i><\/span>\n\t\t\t\t\t\t\t\t<span class=\"elementor-toggle-icon-opened\"><i class=\"elementor-toggle-icon-opened fas fa-caret-up\"><\/i><\/span>\n\t\t\t\t\t\t\t\t\t\t\t\t\t<\/span>\n\t\t\t\t\t\t\t\t\t\t\t\t<a class=\"elementor-toggle-title\" tabindex=\"0\">2023<\/a>\n\t\t\t\t\t<\/div>\n\n\t\t\t\t\t<div id=\"elementor-tab-content-1563\" class=\"elementor-tab-content elementor-clearfix\" data-tab=\"3\" role=\"region\" aria-labelledby=\"elementor-tab-title-1563\"><p><a href=\"https:\/\/comunitatregants.org\/web\/wp-content\/uploads\/2024\/09\/INFORME-AUDITORIA-COMPTES-2023.pdf\">Auditoria de comptes Zona Prats 2023<\/a><\/p><p><a href=\"https:\/\/comunitatregants.org\/web\/wp-content\/uploads\/2024\/12\/BALANC-SITUACIO-PRATS-2023.pdf\">Balan\u00e7 Situaci\u00f3 Zona Prats 2023<\/a><\/p><p><a href=\"https:\/\/comunitatregants.org\/web\/wp-content\/uploads\/2024\/12\/ZONA-PRATS-EXPLOTACIO-2023.pdf\">Balan\u00e7 Explotaci\u00f3 Zona Prats 2023<\/a><\/p><p><a href=\"https:\/\/comunitatregants.org\/doc\/pressupost-2023-zona-prats.pdf\">Pressupost Zona Prats 2023<\/a><\/p><\/div>\n\t\t\t\t<\/div>\n\t\t\t\t\t\t\t\t<\/div>\n\t\t\t\t<\/div>\n\t\t\t\t<\/div>\n\t\t\t\t\t<\/div>\n\t\t<\/div>\n\t\t\t\t\t<\/div>\n\t\t<\/section>\n\t\t\t\t<\/div>\n\t\t","protected":false},"excerpt":{"rendered":"<p>INFORMACI\u00d3 ECON\u00d2MICA Home 2025 Auditoria de comptes Zona Prats 2025 Balan\u00e7 Situaci\u00f3 Zona Prats 2025 Balan\u00e7 Explotaci\u00f3 Zona Prats 2025 Pressupost Zona Prats 2025 \u00a0 2024 Pressupost Zona Prats 2024 Auditoria de comptes Zona Prats 2024 2023 Auditoria de comptes Zona Prats 2023 Balan\u00e7 Situaci\u00f3 Zona Prats 2023 Balan\u00e7 Explotaci\u00f3 Zona Prats 2023 Pressupost Zona [&hellip;]<\/p>\n","protected":false},"author":1,"featured_media":0,"parent":2669,"menu_order":0,"comment_status":"closed","ping_status":"closed","template":"full-width.php","meta":{"_acf_changed":false,"footnotes":""},"class_list":["post-2824","page","type-page","status-publish","hentry"],"acf":[],"_links":{"self":[{"href":"https:\/\/comunitatregants.org\/web\/wp-json\/wp\/v2\/pages\/2824","targetHints":{"allow":["GET"]}}],"collection":[{"href":"https:\/\/comunitatregants.org\/web\/wp-json\/wp\/v2\/pages"}],"about":[{"href":"https:\/\/comunitatregants.org\/web\/wp-json\/wp\/v2\/types\/page"}],"author":[{"embeddable":true,"href":"https:\/\/comunitatregants.org\/web\/wp-json\/wp\/v2\/users\/1"}],"replies":[{"embeddable":true,"href":"https:\/\/comunitatregants.org\/web\/wp-json\/wp\/v2\/comments?post=2824"}],"version-history":[{"count":12,"href":"https:\/\/comunitatregants.org\/web\/wp-json\/wp\/v2\/pages\/2824\/revisions"}],"predecessor-version":[{"id":6721,"href":"https:\/\/comunitatregants.org\/web\/wp-json\/wp\/v2\/pages\/2824\/revisions\/6721"}],"up":[{"embeddable":true,"href":"https:\/\/comunitatregants.org\/web\/wp-json\/wp\/v2\/pages\/2669"}],"wp:attachment":[{"href":"https:\/\/comunitatregants.org\/web\/wp-json\/wp\/v2\/media?parent=2824"}],"curies":[{"name":"wp","href":"https:\/\/api.w.org\/{rel}","templated":true}]}}