{"id":2844,"date":"2023-11-20T10:24:37","date_gmt":"2023-11-20T08:24:37","guid":{"rendered":"https:\/\/comunitatregants.org\/web\/?page_id=2844"},"modified":"2024-08-26T11:53:53","modified_gmt":"2024-08-26T09:53:53","slug":"directiva","status":"publish","type":"page","link":"https:\/\/comunitatregants.org\/web\/zones\/rapita\/directiva\/","title":{"rendered":"Junta Directiva"},"content":{"rendered":"\t\t<div data-elementor-type=\"wp-page\" data-elementor-id=\"2844\" class=\"elementor elementor-2844\">\n\t\t\t\t\t\t<section class=\"elementor-section elementor-top-section elementor-element elementor-element-c3ef750 elementor-section-full_width elementor-section-height-min-height elementor-section-height-default elementor-section-items-middle\" data-id=\"c3ef750\" data-element_type=\"section\" data-settings=\"{&quot;background_background&quot;:&quot;classic&quot;}\">\n\t\t\t\t\t\t<div class=\"elementor-container elementor-column-gap-default\">\n\t\t\t\t\t<div class=\"elementor-column elementor-col-100 elementor-top-column elementor-element elementor-element-2c41f0b\" data-id=\"2c41f0b\" data-element_type=\"column\">\n\t\t\t<div class=\"elementor-widget-wrap elementor-element-populated\">\n\t\t\t\t\t\t<div class=\"elementor-element elementor-element-b9b39ea elementor-widget elementor-widget-heading\" data-id=\"b9b39ea\" data-element_type=\"widget\" data-widget_type=\"heading.default\">\n\t\t\t\t<div class=\"elementor-widget-container\">\n\t\t\t<h1 class=\"elementor-heading-title elementor-size-default\">JUNTA DIRECTIVA<\/h1>\t\t<\/div>\n\t\t\t\t<\/div>\n\t\t\t\t<div class=\"elementor-element elementor-element-ef298cf elementor-align-center elementor-widget elementor-widget-raven-breadcrumbs\" data-id=\"ef298cf\" data-element_type=\"widget\" data-widget_type=\"raven-breadcrumbs.default\">\n\t\t\t\t<div class=\"elementor-widget-container\">\n\t\t\t<div class=\"raven-breadcrumbs raven-breadcrumbs-default\"><div class=\"breadcrumb\">\t\t\t\t<div class=\"breadcrumb-item active\" aria-current=\"page\"><span>Home<\/span><\/div>\n\n\t\t\t\t<\/div><\/div>\t\t<\/div>\n\t\t\t\t<\/div>\n\t\t\t\t\t<\/div>\n\t\t<\/div>\n\t\t\t\t\t<\/div>\n\t\t<\/section>\n\t\t\t\t<section class=\"elementor-section elementor-top-section elementor-element elementor-element-9f6e479 elementor-section-boxed elementor-section-height-default elementor-section-height-default\" data-id=\"9f6e479\" data-element_type=\"section\">\n\t\t\t\t\t\t<div class=\"elementor-container elementor-column-gap-no\">\n\t\t\t\t\t<div class=\"elementor-column elementor-col-100 elementor-top-column elementor-element elementor-element-dd68e1e\" data-id=\"dd68e1e\" data-element_type=\"column\">\n\t\t\t<div class=\"elementor-widget-wrap elementor-element-populated\">\n\t\t\t\t\t\t<div class=\"elementor-element elementor-element-df12b6a elementor-widget elementor-widget-heading\" data-id=\"df12b6a\" data-element_type=\"widget\" data-widget_type=\"heading.default\">\n\t\t\t\t<div class=\"elementor-widget-container\">\n\t\t\t<h2 class=\"elementor-heading-title elementor-size-default\">JUNTA DE GOVERN<\/h2>\t\t<\/div>\n\t\t\t\t<\/div>\n\t\t\t\t<div class=\"elementor-element elementor-element-08e87e8 elementor-widget elementor-widget-text-editor\" data-id=\"08e87e8\" data-element_type=\"widget\" data-widget_type=\"text-editor.default\">\n\t\t\t\t<div class=\"elementor-widget-container\">\n\t\t\t\t\t\t\t<div><b>Presid\u00e8ncia<\/b><\/div><ul><li>En Enric Vidal Vidal<b><\/b><\/li><\/ul><div><b>Vice-president<\/b><\/div><ul><li>En \u00c1ngel S\u00e1nchez Hern\u00e1ndez<\/li><\/ul><div><b>Tresorer<\/b><\/div><ul><li>En Marcel Matamoros Revert\u00e9<\/li><\/ul><div><strong>VOCAL<\/strong>: XAVI MATAMOROS REVERT\u00c9<\/div><div><div><strong>VOCAL<\/strong>:\u00a0ESTEFANIA REVERT\u00c9 ALFARA<\/div><p><strong>VOCAL<\/strong>: JOAN CASAJUST ROSALES<\/p><\/div>\t\t\t\t\t\t<\/div>\n\t\t\t\t<\/div>\n\t\t\t\t<div class=\"elementor-element elementor-element-66242af elementor-widget elementor-widget-heading\" data-id=\"66242af\" data-element_type=\"widget\" data-widget_type=\"heading.default\">\n\t\t\t\t<div class=\"elementor-widget-container\">\n\t\t\t<h2 class=\"elementor-heading-title elementor-size-default\">TRIBUNAL D'AIG\u00dcES<\/h2>\t\t<\/div>\n\t\t\t\t<\/div>\n\t\t\t\t<div class=\"elementor-element elementor-element-4ec71e7 elementor-widget elementor-widget-text-editor\" data-id=\"4ec71e7\" data-element_type=\"widget\" data-widget_type=\"text-editor.default\">\n\t\t\t\t<div class=\"elementor-widget-container\">\n\t\t\t\t\t\t\t<p><strong>PRESIDENT<\/strong>: JOS\u00c9 COMAS CARB\u00d3<\/p><p><strong>VOCAL<\/strong>: \u00c1NGEL S\u00c1NCHEZ HERN\u00c1NDEZ<\/p><p>\u00a0<\/p>\t\t\t\t\t\t<\/div>\n\t\t\t\t<\/div>\n\t\t\t\t\t<\/div>\n\t\t<\/div>\n\t\t\t\t\t<\/div>\n\t\t<\/section>\n\t\t\t\t<\/div>\n\t\t","protected":false},"excerpt":{"rendered":"<p>JUNTA DIRECTIVA Home JUNTA DE GOVERN Presid\u00e8ncia En Enric Vidal Vidal Vice-president En \u00c1ngel S\u00e1nchez Hern\u00e1ndez Tresorer En Marcel Matamoros Revert\u00e9 VOCAL: XAVI MATAMOROS REVERT\u00c9VOCAL:\u00a0ESTEFANIA REVERT\u00c9 ALFARA VOCAL: JOAN CASAJUST ROSALES TRIBUNAL D&#8217;AIG\u00dcES PRESIDENT: JOS\u00c9 COMAS CARB\u00d3 VOCAL: \u00c1NGEL S\u00c1NCHEZ HERN\u00c1NDEZ \u00a0<\/p>\n","protected":false},"author":1,"featured_media":0,"parent":2664,"menu_order":0,"comment_status":"closed","ping_status":"closed","template":"full-width.php","meta":{"_acf_changed":false,"footnotes":""},"class_list":["post-2844","page","type-page","status-publish","hentry"],"acf":[],"_links":{"self":[{"href":"https:\/\/comunitatregants.org\/web\/wp-json\/wp\/v2\/pages\/2844","targetHints":{"allow":["GET"]}}],"collection":[{"href":"https:\/\/comunitatregants.org\/web\/wp-json\/wp\/v2\/pages"}],"about":[{"href":"https:\/\/comunitatregants.org\/web\/wp-json\/wp\/v2\/types\/page"}],"author":[{"embeddable":true,"href":"https:\/\/comunitatregants.org\/web\/wp-json\/wp\/v2\/users\/1"}],"replies":[{"embeddable":true,"href":"https:\/\/comunitatregants.org\/web\/wp-json\/wp\/v2\/comments?post=2844"}],"version-history":[{"count":0,"href":"https:\/\/comunitatregants.org\/web\/wp-json\/wp\/v2\/pages\/2844\/revisions"}],"up":[{"embeddable":true,"href":"https:\/\/comunitatregants.org\/web\/wp-json\/wp\/v2\/pages\/2664"}],"wp:attachment":[{"href":"https:\/\/comunitatregants.org\/web\/wp-json\/wp\/v2\/media?parent=2844"}],"curies":[{"name":"wp","href":"https:\/\/api.w.org\/{rel}","templated":true}]}}