{"id":2847,"date":"2023-11-20T10:25:16","date_gmt":"2023-11-20T08:25:16","guid":{"rendered":"https:\/\/comunitatregants.org\/web\/?page_id=2847"},"modified":"2024-08-26T11:44:55","modified_gmt":"2024-08-26T09:44:55","slug":"directiva","status":"publish","type":"page","link":"https:\/\/comunitatregants.org\/web\/zones\/roquetes\/directiva\/","title":{"rendered":"Junta Directiva"},"content":{"rendered":"\t\t<div data-elementor-type=\"wp-page\" data-elementor-id=\"2847\" class=\"elementor elementor-2847\">\n\t\t\t\t\t\t<section class=\"elementor-section elementor-top-section elementor-element elementor-element-c3ef750 elementor-section-full_width elementor-section-height-min-height elementor-section-height-default elementor-section-items-middle\" data-id=\"c3ef750\" data-element_type=\"section\" data-settings=\"{&quot;background_background&quot;:&quot;classic&quot;}\">\n\t\t\t\t\t\t<div class=\"elementor-container elementor-column-gap-default\">\n\t\t\t\t\t<div class=\"elementor-column elementor-col-100 elementor-top-column elementor-element elementor-element-2c41f0b\" data-id=\"2c41f0b\" data-element_type=\"column\">\n\t\t\t<div class=\"elementor-widget-wrap elementor-element-populated\">\n\t\t\t\t\t\t<div class=\"elementor-element elementor-element-b9b39ea elementor-widget elementor-widget-heading\" data-id=\"b9b39ea\" data-element_type=\"widget\" data-widget_type=\"heading.default\">\n\t\t\t\t<div class=\"elementor-widget-container\">\n\t\t\t<h1 class=\"elementor-heading-title elementor-size-default\">JUNTA DIRECTIVA<\/h1>\t\t<\/div>\n\t\t\t\t<\/div>\n\t\t\t\t<div class=\"elementor-element elementor-element-ef298cf elementor-align-center elementor-widget elementor-widget-raven-breadcrumbs\" data-id=\"ef298cf\" data-element_type=\"widget\" data-widget_type=\"raven-breadcrumbs.default\">\n\t\t\t\t<div class=\"elementor-widget-container\">\n\t\t\t<div class=\"raven-breadcrumbs raven-breadcrumbs-default\"><div class=\"breadcrumb\">\t\t\t\t<div class=\"breadcrumb-item active\" aria-current=\"page\"><span>Home<\/span><\/div>\n\n\t\t\t\t<\/div><\/div>\t\t<\/div>\n\t\t\t\t<\/div>\n\t\t\t\t\t<\/div>\n\t\t<\/div>\n\t\t\t\t\t<\/div>\n\t\t<\/section>\n\t\t\t\t<section class=\"elementor-section elementor-top-section elementor-element elementor-element-9f6e479 elementor-section-boxed elementor-section-height-default elementor-section-height-default\" data-id=\"9f6e479\" data-element_type=\"section\">\n\t\t\t\t\t\t<div class=\"elementor-container elementor-column-gap-no\">\n\t\t\t\t\t<div class=\"elementor-column elementor-col-100 elementor-top-column elementor-element elementor-element-dd68e1e\" data-id=\"dd68e1e\" data-element_type=\"column\">\n\t\t\t<div class=\"elementor-widget-wrap elementor-element-populated\">\n\t\t\t\t\t\t<div class=\"elementor-element elementor-element-23058de elementor-widget elementor-widget-heading\" data-id=\"23058de\" data-element_type=\"widget\" data-widget_type=\"heading.default\">\n\t\t\t\t<div class=\"elementor-widget-container\">\n\t\t\t<h2 class=\"elementor-heading-title elementor-size-default\">JUNTA DE GOVERN<\/h2>\t\t<\/div>\n\t\t\t\t<\/div>\n\t\t\t\t<div class=\"elementor-element elementor-element-08e87e8 elementor-widget elementor-widget-text-editor\" data-id=\"08e87e8\" data-element_type=\"widget\" data-widget_type=\"text-editor.default\">\n\t\t\t\t<div class=\"elementor-widget-container\">\n\t\t\t\t\t\t\t<p><strong>PRESIDENT<\/strong><\/p><p>JOSE DOMINGO ESPUNY GISBERT<\/p><div><strong>VICE-PRESIDENT<\/strong><\/div><div>RECAREDO GORRIZ MARTIN<\/div><div>\u00a0<\/div><div><strong>VOCAL SECRET\u00c0RIA<br \/><\/strong>EVA MARIA LLOPIS PONS<\/div><div><div>\u00a0<\/div><div><strong>VOCAL TRESORER<br \/><\/strong>ANTONIO EST\u00cdBALEZ PANISELLO<\/div><\/div><div>\u00a0<\/div><div><strong>VOCALS<\/strong><\/div><div>JOSEP TUR\u00d3N ESPUNY<\/div><div>JULI\u00c1N AGUST\u00cd ESPUNY VALL\u00c9S<\/div><div>TOM\u00c0S SUBIRATS NOLLA<\/div><div>JOS\u00c9 FERR\u00c9 CLUA<\/div><div>JUAN OLIVAS RODR\u00cdGUEZ<\/div>\t\t\t\t\t\t<\/div>\n\t\t\t\t<\/div>\n\t\t\t\t<div class=\"elementor-element elementor-element-66242af elementor-widget elementor-widget-heading\" data-id=\"66242af\" data-element_type=\"widget\" data-widget_type=\"heading.default\">\n\t\t\t\t<div class=\"elementor-widget-container\">\n\t\t\t<h2 class=\"elementor-heading-title elementor-size-default\">JURAT DE REGS<\/h2>\t\t<\/div>\n\t\t\t\t<\/div>\n\t\t\t\t<div class=\"elementor-element elementor-element-4ec71e7 elementor-widget elementor-widget-text-editor\" data-id=\"4ec71e7\" data-element_type=\"widget\" data-widget_type=\"text-editor.default\">\n\t\t\t\t<div class=\"elementor-widget-container\">\n\t\t\t\t\t\t\t<div><strong>PRESIDENT<\/strong><\/div><div>JUAN OLIVAS RODR\u00cdGUEZ<\/div><div>\u00a0<\/div><div><strong>VOCALS<\/strong>\u00a0\u00a0<\/div><div>JULI\u00c1N AGUST\u00cd ESPUNY VALL\u00c9S<\/div><div>JOS\u00c9 FERR\u00c9 CLUA<\/div><div>JOSEP TUR\u00d3N ESPUNY Suplent<\/div>\t\t\t\t\t\t<\/div>\n\t\t\t\t<\/div>\n\t\t\t\t\t<\/div>\n\t\t<\/div>\n\t\t\t\t\t<\/div>\n\t\t<\/section>\n\t\t\t\t<\/div>\n\t\t","protected":false},"excerpt":{"rendered":"<p>JUNTA DIRECTIVA Home JUNTA DE GOVERN PRESIDENT JOSE DOMINGO ESPUNY GISBERT VICE-PRESIDENTRECAREDO GORRIZ MARTIN\u00a0VOCAL SECRET\u00c0RIAEVA MARIA LLOPIS PONS\u00a0VOCAL TRESORERANTONIO EST\u00cdBALEZ PANISELLO\u00a0VOCALSJOSEP TUR\u00d3N ESPUNYJULI\u00c1N AGUST\u00cd ESPUNY VALL\u00c9STOM\u00c0S SUBIRATS NOLLAJOS\u00c9 FERR\u00c9 CLUAJUAN OLIVAS RODR\u00cdGUEZ JURAT DE REGS PRESIDENTJUAN OLIVAS RODR\u00cdGUEZ\u00a0VOCALS\u00a0\u00a0JULI\u00c1N AGUST\u00cd ESPUNY VALL\u00c9SJOS\u00c9 FERR\u00c9 CLUAJOSEP TUR\u00d3N ESPUNY Suplent<\/p>\n","protected":false},"author":1,"featured_media":0,"parent":2668,"menu_order":0,"comment_status":"closed","ping_status":"closed","template":"full-width.php","meta":{"_acf_changed":false,"footnotes":""},"class_list":["post-2847","page","type-page","status-publish","hentry"],"acf":[],"_links":{"self":[{"href":"https:\/\/comunitatregants.org\/web\/wp-json\/wp\/v2\/pages\/2847","targetHints":{"allow":["GET"]}}],"collection":[{"href":"https:\/\/comunitatregants.org\/web\/wp-json\/wp\/v2\/pages"}],"about":[{"href":"https:\/\/comunitatregants.org\/web\/wp-json\/wp\/v2\/types\/page"}],"author":[{"embeddable":true,"href":"https:\/\/comunitatregants.org\/web\/wp-json\/wp\/v2\/users\/1"}],"replies":[{"embeddable":true,"href":"https:\/\/comunitatregants.org\/web\/wp-json\/wp\/v2\/comments?post=2847"}],"version-history":[{"count":0,"href":"https:\/\/comunitatregants.org\/web\/wp-json\/wp\/v2\/pages\/2847\/revisions"}],"up":[{"embeddable":true,"href":"https:\/\/comunitatregants.org\/web\/wp-json\/wp\/v2\/pages\/2668"}],"wp:attachment":[{"href":"https:\/\/comunitatregants.org\/web\/wp-json\/wp\/v2\/media?parent=2847"}],"curies":[{"name":"wp","href":"https:\/\/api.w.org\/{rel}","templated":true}]}}