{"id":2953,"date":"2024-01-03T13:21:39","date_gmt":"2024-01-03T11:21:39","guid":{"rendered":"https:\/\/comunitatregants.org\/web\/?page_id=2953"},"modified":"2024-10-01T14:12:50","modified_gmt":"2024-10-01T12:12:50","slug":"ajutssubvencions","status":"publish","type":"page","link":"https:\/\/comunitatregants.org\/web\/informacio\/ajutssubvencions\/","title":{"rendered":"AJUTS I SUBVENCIONS"},"content":{"rendered":"\t\t<div data-elementor-type=\"wp-page\" data-elementor-id=\"2953\" class=\"elementor elementor-2953\">\n\t\t\t\t\t\t<section class=\"elementor-section elementor-top-section elementor-element elementor-element-c3ef750 elementor-section-full_width elementor-section-height-min-height elementor-section-height-default elementor-section-items-middle\" data-id=\"c3ef750\" data-element_type=\"section\" data-settings=\"{&quot;background_background&quot;:&quot;classic&quot;}\">\n\t\t\t\t\t\t<div class=\"elementor-container elementor-column-gap-default\">\n\t\t\t\t\t<div class=\"elementor-column elementor-col-100 elementor-top-column elementor-element elementor-element-2c41f0b\" data-id=\"2c41f0b\" data-element_type=\"column\">\n\t\t\t<div class=\"elementor-widget-wrap elementor-element-populated\">\n\t\t\t\t\t\t<div class=\"elementor-element elementor-element-b9b39ea elementor-widget elementor-widget-heading\" data-id=\"b9b39ea\" data-element_type=\"widget\" data-widget_type=\"heading.default\">\n\t\t\t\t<div class=\"elementor-widget-container\">\n\t\t\t<h1 class=\"elementor-heading-title elementor-size-default\">AJUTS I SUBVENCIONS<\/h1>\t\t<\/div>\n\t\t\t\t<\/div>\n\t\t\t\t<div class=\"elementor-element elementor-element-ef298cf elementor-align-center elementor-widget elementor-widget-raven-breadcrumbs\" data-id=\"ef298cf\" data-element_type=\"widget\" data-widget_type=\"raven-breadcrumbs.default\">\n\t\t\t\t<div class=\"elementor-widget-container\">\n\t\t\t<div class=\"raven-breadcrumbs raven-breadcrumbs-default\"><div class=\"breadcrumb\">\t\t\t\t<div class=\"breadcrumb-item active\" aria-current=\"page\"><span>Home<\/span><\/div>\n\n\t\t\t\t<\/div><\/div>\t\t<\/div>\n\t\t\t\t<\/div>\n\t\t\t\t\t<\/div>\n\t\t<\/div>\n\t\t\t\t\t<\/div>\n\t\t<\/section>\n\t\t\t\t<section class=\"elementor-section elementor-top-section elementor-element elementor-element-9f6e479 elementor-section-full_width elementor-section-height-default elementor-section-height-default\" data-id=\"9f6e479\" data-element_type=\"section\">\n\t\t\t\t\t\t<div class=\"elementor-container elementor-column-gap-no\">\n\t\t\t\t\t<div class=\"elementor-column elementor-col-100 elementor-top-column elementor-element elementor-element-dd68e1e\" data-id=\"dd68e1e\" data-element_type=\"column\">\n\t\t\t<div class=\"elementor-widget-wrap elementor-element-populated\">\n\t\t\t\t\t\t<div class=\"elementor-element elementor-element-bda71c8 elementor-widget elementor-widget-raven-advanced-posts\" data-id=\"bda71c8\" data-element_type=\"widget\" data-settings=\"{&quot;columns&quot;:&quot;4&quot;,&quot;query_posts_per_page&quot;:20,&quot;general_layout&quot;:&quot;grid&quot;,&quot;columns_tablet&quot;:&quot;2&quot;,&quot;columns_mobile&quot;:&quot;1&quot;,&quot;query_offset&quot;:0}\" data-widget_type=\"raven-advanced-posts.default\">\n\t\t\t\t<div class=\"elementor-widget-container\">\n\t\t\t\t\t<div class=\"raven-posts raven-posts-grid\">\n\t\t\t\t\t\t<div class=\"advanced-posts-content content-layout-under-image raven-grid raven-grid-4 raven-grid-mobile-1 raven-grid-tablet-2  \" data-post-id=\"2953\" data-archive-query=\"\">\n\t\t\t\t<div class=\"raven-posts-item raven-grid-item  \"><div class=\"raven-post-wrapper \"><div class=\"raven-post  \"><div class=\"raven-post-content\"><div class=\"raven-post-meta\"><a class=\"raven-post-meta-item raven-post-date\" href=\"https:\/\/comunitatregants.org\/web\/2025\/10\/\" rel=\"bookmark\">octubre 3, 2025<\/a><\/div><h3 class=\"raven-post-title\"><a class=\"raven-post-title-link\" href=\"https:\/\/comunitatregants.org\/web\/2025\/10\/03\/la-comunidad-general-de-regantes-del-canal-de-la-derecha-del-ebro-beneficiaria-del-perte-digital-de-regadio\/\">La Comunidad General de Regantes del Canal de la Derecha del Ebro beneficiaria del PERTE Digital de Regad\u00edo<\/a><\/h3><div class=\"raven-post-excerpt\">\u00a0 \u00a0 La Comunidad General de Regantes del Canal de la Derecha del Ebro, ha sido seleccionada como<\/div><\/div><\/div><\/div><\/div><div class=\"raven-posts-item raven-grid-item  \"><div class=\"raven-post-wrapper \"><div class=\"raven-post  \"><div class=\"raven-post-content\"><div class=\"raven-post-meta\"><a class=\"raven-post-meta-item raven-post-date\" href=\"https:\/\/comunitatregants.org\/web\/2024\/08\/\" rel=\"bookmark\">agost 19, 2024<\/a><\/div><h3 class=\"raven-post-title\"><a class=\"raven-post-title-link\" href=\"https:\/\/comunitatregants.org\/web\/2024\/08\/19\/ajut-de-cooperacio-per-al-medi-ambient-en-la-gestio-de-laigua-dels-arrossars\/\">Ajut de cooperaci\u00f3 per al medi ambient en la gesti\u00f3 de l\u2019aigua dels arrossars<\/a><\/h3><div class=\"raven-post-excerpt\">Ajuts de cooperaci\u00f3 per al medi ambient en la gesti\u00f3 de l\u2019aigua dels arrossars: Control de la vegetaci\u00f3<\/div><\/div><\/div><\/div><\/div><div class=\"raven-posts-item raven-grid-item  \"><div class=\"raven-post-wrapper \"><div class=\"raven-post  \"><div class=\"raven-post-content\"><div class=\"raven-post-meta\"><a class=\"raven-post-meta-item raven-post-date\" href=\"https:\/\/comunitatregants.org\/web\/2024\/06\/\" rel=\"bookmark\">juny 5, 2024<\/a><\/div><h3 class=\"raven-post-title\"><a class=\"raven-post-title-link\" href=\"https:\/\/comunitatregants.org\/web\/2024\/06\/05\/subvencio-de-forma-nominativa-per-al-tractament-amb-aigua-de-mar-i-altres-actuacions-de-prevencion-i-control-a-lhemidelta-dret-de-lebre-per-la-lluita-contra-el-cargol-poma-2024-2026\/\">Subvencio de forma nominativa per al tractament amb aigua de mar i altres actuacions de prevenci\u00f3n i control a l&#8217;hemidelta dret de l&#8217;Ebre, per la lluita contra el cargol poma 2024-2026<\/a><\/h3><div class=\"raven-post-excerpt\">Subvencio de forma nominativa per al tractament amb aigua de mar i altres actuacions de prevenci\u00f3n i control<\/div><\/div><\/div><\/div><\/div><div class=\"raven-posts-item raven-grid-item  \"><div class=\"raven-post-wrapper \"><div class=\"raven-post  \"><div class=\"raven-post-content\"><div class=\"raven-post-meta\"><a class=\"raven-post-meta-item raven-post-date\" href=\"https:\/\/comunitatregants.org\/web\/2024\/05\/\" rel=\"bookmark\">maig 5, 2024<\/a><\/div><h3 class=\"raven-post-title\"><a class=\"raven-post-title-link\" href=\"https:\/\/comunitatregants.org\/web\/2024\/05\/05\/subvencio-atorgada-pel-departament-daccio-climatica-alimentacio-i-agenda-rural\/\">Subvenci\u00f3 atorgada pel Departament d\u2019Acci\u00f3 Clim\u00e0tica, Alimentaci\u00f3 i Agenda Rural<\/a><\/h3><div class=\"raven-post-excerpt\">Resoluci\u00f3 de les sol\u00b7licituds dels ajuts destinats a la millora i modernitzaci\u00f3 de les xarxes de regadius, a<\/div><\/div><\/div><\/div><\/div><div class=\"raven-posts-item raven-grid-item  \"><div class=\"raven-post-wrapper \"><div class=\"raven-post  \"><div class=\"raven-post-content\"><div class=\"raven-post-meta\"><a class=\"raven-post-meta-item raven-post-date\" href=\"https:\/\/comunitatregants.org\/web\/2023\/07\/\" rel=\"bookmark\">juliol 25, 2023<\/a><\/div><h3 class=\"raven-post-title\"><a class=\"raven-post-title-link\" href=\"https:\/\/comunitatregants.org\/web\/2023\/07\/25\/subvencio-exclosa-de-concurrencia-publica-per-al-tractament-amb-aigua-de-mar-i-altres-actuacions-de-prevencio-i-control-a-lhemidelta-dret-de-lebre-per-la-lluita-contra-el-cargol-pom\/\">Subvenci\u00f3 exclosa de concurr\u00e8ncia p\u00fablica per al tractament amb aigua de mar i altres actuacions de prevenci\u00f3 i control a l\u2019hemidelta dret de l\u2019Ebre, per la lluita contra el cargol poma 2023<\/a><\/h3><div class=\"raven-post-excerpt\">Subvenci\u00f3 exclosa de concurr\u00e8ncia p\u00fablica per al tractament amb aigua de mar i altres actuacions de prevenci\u00f3 i<\/div><\/div><\/div><\/div><\/div><div class=\"raven-posts-item raven-grid-item  \"><div class=\"raven-post-wrapper \"><div class=\"raven-post  \"><div class=\"raven-post-content\"><div class=\"raven-post-meta\"><a class=\"raven-post-meta-item raven-post-date\" href=\"https:\/\/comunitatregants.org\/web\/2023\/05\/\" rel=\"bookmark\">maig 23, 2023<\/a><\/div><h3 class=\"raven-post-title\"><a class=\"raven-post-title-link\" href=\"https:\/\/comunitatregants.org\/web\/2023\/05\/23\/projecte-rehabilitacio-casilla-roquetes-centre-interpretacio\/\">Projecte de rehabilitaci\u00f3 i conservaci\u00f3 de la Casilla de Roquetes perqu\u00e8 esdevingui un Centre d&#8217;Interpretaci\u00f3<\/a><\/h3><div class=\"raven-post-excerpt\">\u00a0 Projecte de rehabilitaci\u00f3 i conservaci\u00f3 de la Casilla de Roquetes perqu\u00e8 esdevingui un Centre d\u2019Interpretaci\u00f3 \u00a0 Amb<\/div><\/div><\/div><\/div><\/div><div class=\"raven-posts-item raven-grid-item  \"><div class=\"raven-post-wrapper \"><div class=\"raven-post  \"><div class=\"raven-post-content\"><div class=\"raven-post-meta\"><a class=\"raven-post-meta-item raven-post-date\" href=\"https:\/\/comunitatregants.org\/web\/2023\/01\/\" rel=\"bookmark\">gener 24, 2023<\/a><\/div><h3 class=\"raven-post-title\"><a class=\"raven-post-title-link\" href=\"https:\/\/comunitatregants.org\/web\/2023\/01\/24\/implantacio-de-la-plataforma-iot-monitoritzacio-i-telecontrol-del-canal-i-estacions-de-bombeig\/\">Implantaci\u00f3 de la Plataforma IoT, monitoritzaci\u00f3 i telecontrol del Canal i estacions de bombeig<\/a><\/h3><div class=\"raven-post-excerpt\">Subvenci\u00f3 atorgada per Acci\u00f3 Catalonia Trade Investment Resoluci\u00f3 d\u2019atorgament parcial a l\u2019empara de la Resoluci\u00f3 EMT\/2032\/2022 de 22<\/div><\/div><\/div><\/div><\/div><div class=\"raven-posts-item raven-grid-item  \"><div class=\"raven-post-wrapper \"><div class=\"raven-post  \"><div class=\"raven-post-content\"><div class=\"raven-post-meta\"><a class=\"raven-post-meta-item raven-post-date\" href=\"https:\/\/comunitatregants.org\/web\/2022\/11\/\" rel=\"bookmark\">novembre 15, 2022<\/a><\/div><h3 class=\"raven-post-title\"><a class=\"raven-post-title-link\" href=\"https:\/\/comunitatregants.org\/web\/2022\/11\/15\/projecte-dordenacio-catalogacio-i-creacio-dun-arxiu-historic-amb-linventari-de-tots-els-documents\/\">Projecte d&#8217;Ordenaci\u00f3, Catalogaci\u00f3 i Creaci\u00f3 d&#8217;un Arxiu Hist\u00f2ric amb l&#8217;inventari de tots els documents<\/a><\/h3><div class=\"raven-post-excerpt\">Amb la col\u00b7laboraci\u00f3 de la Diputaci\u00f3 de Tarragona. Objectius Recuperaci\u00f3 del patrimoni documental; treballs de conservaci\u00f3, inventari i<\/div><\/div><\/div><\/div><\/div><div class=\"raven-posts-item raven-grid-item  \"><div class=\"raven-post-wrapper \"><div class=\"raven-post  \"><div class=\"raven-post-content\"><div class=\"raven-post-meta\"><a class=\"raven-post-meta-item raven-post-date\" href=\"https:\/\/comunitatregants.org\/web\/2022\/05\/\" rel=\"bookmark\">maig 25, 2022<\/a><\/div><h3 class=\"raven-post-title\"><a class=\"raven-post-title-link\" href=\"https:\/\/comunitatregants.org\/web\/2022\/05\/25\/grup-operatiu-fertilitzacio-nitrogenada-arros-imatges-satelit\/\">Grup Operatiu: Millora de la fertilitzaci\u00f3 nitrogenada en el cultiu de l&#8217;arr\u00f2s mitjan\u00e7ant l&#8217;\u00fas d&#8217;imatges sat\u00e8l\u00b7lit, Rice FertiSAT<\/a><\/h3><div class=\"raven-post-excerpt\">GRUP OPERATIU: MILLORA DE LA FERTILITZACI\u00d3 NITROGENADA EN EL CULTIU DE L&#8217;ARR\u00d2S MITJAN\u00c7ANT L&#8217;\u00daS D&#8217;IMATGES PER SAT\u00c8L\u00b7LIT, RICE<\/div><\/div><\/div><\/div><\/div><div class=\"raven-posts-item raven-grid-item  \"><div class=\"raven-post-wrapper \"><div class=\"raven-post  \"><div class=\"raven-post-content\"><div class=\"raven-post-meta\"><a class=\"raven-post-meta-item raven-post-date\" href=\"https:\/\/comunitatregants.org\/web\/2022\/04\/\" rel=\"bookmark\">abril 19, 2022<\/a><\/div><h3 class=\"raven-post-title\"><a class=\"raven-post-title-link\" href=\"https:\/\/comunitatregants.org\/web\/2022\/04\/19\/projectes-dimplantacio-dun-sistema-solar-fotovoltaic-en-modalitat-dautoconsum-a-les-estacions-de-bombeig-num-1-i-2\/\">Projectes d&#8217;implantaci\u00f3 d&#8217;un sistema solar fotovoltaic en modalitat d&#8217;autoconsum a les estacions de bombeig n\u00fam. 1 i 2<\/a><\/h3><div class=\"raven-post-excerpt\">Subvenci\u00f3 atorgada pel Departament d&#8217;Acci\u00f3 Clim\u00e0tica, Alimentaci\u00f3 i Agenda Rural Resoluci\u00f3 de les sol\u00b7licituds dels ajuts destinats a<\/div><\/div><\/div><\/div><\/div><div class=\"raven-posts-item raven-grid-item  \"><div class=\"raven-post-wrapper \"><div class=\"raven-post  \"><div class=\"raven-post-content\"><div class=\"raven-post-meta\"><a class=\"raven-post-meta-item raven-post-date\" href=\"https:\/\/comunitatregants.org\/web\/2022\/04\/\" rel=\"bookmark\">abril 19, 2022<\/a><\/div><h3 class=\"raven-post-title\"><a class=\"raven-post-title-link\" href=\"https:\/\/comunitatregants.org\/web\/2022\/04\/19\/resolucio-ajuts-accio-climatica-per-a-la-modernitzacio-xarxes-de-regadius\/\">Resoluci\u00f3 ajuts Acci\u00f3 Clim\u00e0tica per a la modernitzaci\u00f3 xarxes de regadius<\/a><\/h3><div class=\"raven-post-excerpt\">Resoluci\u00f3 de les sol\u00b7licituds dels ajuts destinats a la millora i modernitzaci\u00f3 de les xarxes de regadius, a<\/div><\/div><\/div><\/div><\/div><div class=\"raven-posts-item raven-grid-item  \"><div class=\"raven-post-wrapper \"><div class=\"raven-post  \"><div class=\"raven-post-content\"><div class=\"raven-post-meta\"><a class=\"raven-post-meta-item raven-post-date\" href=\"https:\/\/comunitatregants.org\/web\/2021\/07\/\" rel=\"bookmark\">juliol 2, 2021<\/a><\/div><h3 class=\"raven-post-title\"><a class=\"raven-post-title-link\" href=\"https:\/\/comunitatregants.org\/web\/2021\/07\/02\/grup-operatiu-estrategies-sostenibles-i-produccio-ecologica-darros-en-zones-amb-limitacions-naturals-com-el-delta-de-lebre-2\/\">Grup Operatiu: Estrat\u00e8gies Sostenibles i Producci\u00f3 Ecol\u00f2gica d&#8217;arr\u00f2s en zones amb limitacions naturals com el Delta de l&#8217;Ebre<\/a><\/h3><div class=\"raven-post-excerpt\">GRUP OPERATIU: ESTRAT\u00c8GIES SOSTENIBLES I PRODUCCI\u00d3 ECOL\u00d2GICA D&#8217;ARR\u00d2S EN ZONES AMB LIMITACIONS NATURALS COM EL DELTA DE L&#8217;EBRE<\/div><\/div><\/div><\/div><\/div><div class=\"raven-posts-item raven-grid-item  \"><div class=\"raven-post-wrapper \"><div class=\"raven-post  \"><div class=\"raven-post-content\"><div class=\"raven-post-meta\"><a class=\"raven-post-meta-item raven-post-date\" href=\"https:\/\/comunitatregants.org\/web\/2019\/12\/\" rel=\"bookmark\">desembre 17, 2019<\/a><\/div><h3 class=\"raven-post-title\"><a class=\"raven-post-title-link\" href=\"https:\/\/comunitatregants.org\/web\/2019\/12\/17\/ajut-museitzacio-conservacio-arxiu-historic\/\">Ajut de la Diputaci\u00f3 de Tarragona al Projecte de Muse\u00eftzaci\u00f3 i Conservaci\u00f3 de l&#8217;Arxiu Hist\u00f2ric- 17\/12\/2019<\/a><\/h3><div class=\"raven-post-excerpt\">Veure PDF<\/div><\/div><\/div><\/div><\/div><div class=\"raven-posts-item raven-grid-item  \"><div class=\"raven-post-wrapper \"><div class=\"raven-post  \"><div class=\"raven-post-content\"><div class=\"raven-post-meta\"><a class=\"raven-post-meta-item raven-post-date\" href=\"https:\/\/comunitatregants.org\/web\/2016\/04\/\" rel=\"bookmark\">abril 11, 2016<\/a><\/div><h3 class=\"raven-post-title\"><a class=\"raven-post-title-link\" href=\"https:\/\/comunitatregants.org\/web\/2016\/04\/11\/grup-operatiu-posada-a-punt-i-adaptacio-de-la-sembra-en-sec-de-larros-al-delta-de-lebre\/\">Grup Operatiu: Posada a punt i adaptaci\u00f3 de la sembra en sec de l&#8217;arr\u00f2s al Delta de l&#8217;Ebre<\/a><\/h3><div class=\"raven-post-excerpt\">GRUP OPERATIU: POSADA A PUNT I ADAPTACI\u00d3 DE LA SEMBRA EN SEC DE L&#8217;ARR\u00d2S AL DELTA DE L&#8217;EBRE<\/div><\/div><\/div><\/div><\/div><div class=\"raven-posts-item raven-grid-item  \"><div class=\"raven-post-wrapper \"><div class=\"raven-post  \"><div class=\"raven-post-content\"><div class=\"raven-post-meta\"><a class=\"raven-post-meta-item raven-post-date\" href=\"https:\/\/comunitatregants.org\/web\/2015\/11\/\" rel=\"bookmark\">novembre 8, 2015<\/a><\/div><h3 class=\"raven-post-title\"><a class=\"raven-post-title-link\" href=\"https:\/\/comunitatregants.org\/web\/2015\/11\/08\/ajut-cargol-poma-adhoc\/\">Ajut per a la conservaci\u00f3 de la biodiversitat i lluita contra les esp\u00e8cies invasores<\/a><\/h3><div class=\"raven-post-excerpt\">Ajut per a la conservaci\u00f3 de la biodiversitat i lluita contra les esp\u00e8cies invasores. El cargol poma est\u00e0<\/div><\/div><\/div><\/div><\/div>\t\t\t<\/div>\n\t\t\t\t\t<\/div>\n\t\t\t\t<\/div>\n\t\t\t\t<\/div>\n\t\t\t\t\t<\/div>\n\t\t<\/div>\n\t\t\t\t\t<\/div>\n\t\t<\/section>\n\t\t\t\t<\/div>\n\t\t","protected":false},"excerpt":{"rendered":"<p>AJUTS I SUBVENCIONS Home maig 7, 2024 Implantaci\u00f3 de la Plataforma IoT, monitoritzaci\u00f3 i telecontrol del Canal i estacions de bombeig Subvenci\u00f3 atorgada per Acci\u00f3 Catalonia Trade Investment Resoluci\u00f3 d\u2019atorgament parcial a l\u2019empara de la Resoluci\u00f3 EMT\/2032\/2022 de 22maig 5, 2024 Subvenci\u00f3 atorgada pel Departament d\u2019Acci\u00f3 Clim\u00e0tica, Alimentaci\u00f3 i Agenda Rural Resoluci\u00f3 de les sol\u00b7licituds [&hellip;]<\/p>\n","protected":false},"author":1,"featured_media":0,"parent":2922,"menu_order":0,"comment_status":"closed","ping_status":"closed","template":"full-width.php","meta":{"_acf_changed":false,"footnotes":""},"class_list":["post-2953","page","type-page","status-publish","hentry"],"acf":[],"_links":{"self":[{"href":"https:\/\/comunitatregants.org\/web\/wp-json\/wp\/v2\/pages\/2953","targetHints":{"allow":["GET"]}}],"collection":[{"href":"https:\/\/comunitatregants.org\/web\/wp-json\/wp\/v2\/pages"}],"about":[{"href":"https:\/\/comunitatregants.org\/web\/wp-json\/wp\/v2\/types\/page"}],"author":[{"embeddable":true,"href":"https:\/\/comunitatregants.org\/web\/wp-json\/wp\/v2\/users\/1"}],"replies":[{"embeddable":true,"href":"https:\/\/comunitatregants.org\/web\/wp-json\/wp\/v2\/comments?post=2953"}],"version-history":[{"count":6,"href":"https:\/\/comunitatregants.org\/web\/wp-json\/wp\/v2\/pages\/2953\/revisions"}],"predecessor-version":[{"id":5653,"href":"https:\/\/comunitatregants.org\/web\/wp-json\/wp\/v2\/pages\/2953\/revisions\/5653"}],"up":[{"embeddable":true,"href":"https:\/\/comunitatregants.org\/web\/wp-json\/wp\/v2\/pages\/2922"}],"wp:attachment":[{"href":"https:\/\/comunitatregants.org\/web\/wp-json\/wp\/v2\/media?parent=2953"}],"curies":[{"name":"wp","href":"https:\/\/api.w.org\/{rel}","templated":true}]}}