{"id":3292,"date":"2024-01-24T10:56:11","date_gmt":"2024-01-24T08:56:11","guid":{"rendered":"https:\/\/comunitatregants.org\/web\/?page_id=3292"},"modified":"2024-02-07T09:07:00","modified_gmt":"2024-02-07T07:07:00","slug":"avis-legal","status":"publish","type":"page","link":"https:\/\/comunitatregants.org\/web\/avis-legal\/","title":{"rendered":"Av\u00eds Legal"},"content":{"rendered":"\t\t<div data-elementor-type=\"wp-page\" data-elementor-id=\"3292\" class=\"elementor elementor-3292\">\n\t\t\t\t\t\t<section class=\"elementor-section elementor-top-section elementor-element elementor-element-c3ef750 elementor-section-full_width elementor-section-height-min-height elementor-section-height-default elementor-section-items-middle\" data-id=\"c3ef750\" data-element_type=\"section\" data-settings=\"{&quot;background_background&quot;:&quot;classic&quot;}\">\n\t\t\t\t\t\t<div class=\"elementor-container elementor-column-gap-default\">\n\t\t\t\t\t<div class=\"elementor-column elementor-col-100 elementor-top-column elementor-element elementor-element-2c41f0b\" data-id=\"2c41f0b\" data-element_type=\"column\">\n\t\t\t<div class=\"elementor-widget-wrap elementor-element-populated\">\n\t\t\t\t\t\t<div class=\"elementor-element elementor-element-b9b39ea elementor-widget elementor-widget-heading\" data-id=\"b9b39ea\" data-element_type=\"widget\" data-widget_type=\"heading.default\">\n\t\t\t\t<div class=\"elementor-widget-container\">\n\t\t\t<h1 class=\"elementor-heading-title elementor-size-default\">AV\u00cdS LEGAL<\/h1>\t\t<\/div>\n\t\t\t\t<\/div>\n\t\t\t\t<div class=\"elementor-element elementor-element-ef298cf elementor-align-center elementor-widget elementor-widget-raven-breadcrumbs\" data-id=\"ef298cf\" data-element_type=\"widget\" data-widget_type=\"raven-breadcrumbs.default\">\n\t\t\t\t<div class=\"elementor-widget-container\">\n\t\t\t<div class=\"raven-breadcrumbs raven-breadcrumbs-default\"><div class=\"breadcrumb\">\t\t\t\t<div class=\"breadcrumb-item active\" aria-current=\"page\"><span>Home<\/span><\/div>\n\n\t\t\t\t<\/div><\/div>\t\t<\/div>\n\t\t\t\t<\/div>\n\t\t\t\t\t<\/div>\n\t\t<\/div>\n\t\t\t\t\t<\/div>\n\t\t<\/section>\n\t\t\t\t<section class=\"elementor-section elementor-top-section elementor-element elementor-element-9f6e479 elementor-section-boxed elementor-section-height-default elementor-section-height-default\" data-id=\"9f6e479\" data-element_type=\"section\">\n\t\t\t\t\t\t<div class=\"elementor-container elementor-column-gap-no\">\n\t\t\t\t\t<div class=\"elementor-column elementor-col-100 elementor-top-column elementor-element elementor-element-dd68e1e\" data-id=\"dd68e1e\" data-element_type=\"column\">\n\t\t\t<div class=\"elementor-widget-wrap elementor-element-populated\">\n\t\t\t\t\t\t<div class=\"elementor-element elementor-element-08e87e8 elementor-widget elementor-widget-text-editor\" data-id=\"08e87e8\" data-element_type=\"widget\" data-widget_type=\"text-editor.default\">\n\t\t\t\t<div class=\"elementor-widget-container\">\n\t\t\t\t\t\t\t<p><strong>COMUNITAT GENERAL DE REGANTS DE LA DRETA DE L&#8217;EBRE<\/strong><br \/>Passeig Canal, 43-49 &#8211; 43870 Amposta<br \/>Tel. +34 977 70 00 81<\/p><p>CIF\u00a0 Q4367035E<\/p><p>Els continguts d&#8217;aquesta web, dels que la Comunitat General de Regants de la Dreta de l&#8217;Ebre en tingui l&#8217;autoria, es poden reproduir sempre que se citi la font i es doni un enlla\u00e7 a la p\u00e0gina que els cont\u00e9.<\/p><p>Est\u00e0 prohibit l&#8217;\u00fas dels continguts que siguin propietat de la Comunitat General de Regants de la Dreta de l&#8217;Ebre per a finalitats o mitjans publicitaris, promocionals i\/o comercials.<\/p><p>Al web poden apar\u00e8ixer enlla\u00e7os a altres webs dels que la Comunitat General de Regants de la Dreta de l&#8217;Ebre no es responsabilitza del contingut ni de les pol\u00edtiques de privacitat d&#8217;aquests.<\/p><p>La Comunitat General de Regants de la Dreta de l&#8217;Ebre no ser\u00e0 responsable de danys, costos, p\u00e8rdues i imprevistos que puguin produir-se per accedir a aquest web. De conformitat amb el Reial Decret Llei 13\/2012 i la seva afectaci\u00f3 a l&#8217;article 22.2 de la Llei de Serveis de la Societat de la Informaci\u00f3 i Comer\u00e7 Electr\u00f2nic (LSSICE), aquest lloc web usa cookies de navegaci\u00f3 (petits arxius que contenen una s\u00e8rie de car\u00e0cters que s&#8217;envien al seu navegador des del servidor d&#8217;un lloc web), pr\u00f2pies i de tercers, amb la finalitat de recopilar informaci\u00f3 d&#8217;entrada o identificaci\u00f3 d&#8217;usuaris, reproducci\u00f3 i c\u00e0rrega de formularis i\/o complements de contingut; publicit\u00e0ries; estad\u00edstiques; entre d&#8217;altres. Per a m\u00e9s informaci\u00f3 podeu consultar la nostra\u00a0<a href=\"https:\/\/comunitatregants.org\/web\/cookies\">pol\u00edtica de cookies<\/a>.<\/p>\t\t\t\t\t\t<\/div>\n\t\t\t\t<\/div>\n\t\t\t\t\t<\/div>\n\t\t<\/div>\n\t\t\t\t\t<\/div>\n\t\t<\/section>\n\t\t\t\t<\/div>\n\t\t","protected":false},"excerpt":{"rendered":"<p>AV\u00cdS LEGAL Home COMUNITAT GENERAL DE REGANTS DE LA DRETA DE L&#8217;EBREPasseig Canal, 43-49 &#8211; 43870 AmpostaTel. +34 977 70 00 81 CIF\u00a0 Q4367035E Els continguts d&#8217;aquesta web, dels que la Comunitat General de Regants de la Dreta de l&#8217;Ebre en tingui l&#8217;autoria, es poden reproduir sempre que se citi la font i es doni [&hellip;]<\/p>\n","protected":false},"author":1,"featured_media":0,"parent":0,"menu_order":0,"comment_status":"closed","ping_status":"closed","template":"full-width.php","meta":{"_acf_changed":false,"footnotes":""},"class_list":["post-3292","page","type-page","status-publish","hentry"],"acf":[],"_links":{"self":[{"href":"https:\/\/comunitatregants.org\/web\/wp-json\/wp\/v2\/pages\/3292","targetHints":{"allow":["GET"]}}],"collection":[{"href":"https:\/\/comunitatregants.org\/web\/wp-json\/wp\/v2\/pages"}],"about":[{"href":"https:\/\/comunitatregants.org\/web\/wp-json\/wp\/v2\/types\/page"}],"author":[{"embeddable":true,"href":"https:\/\/comunitatregants.org\/web\/wp-json\/wp\/v2\/users\/1"}],"replies":[{"embeddable":true,"href":"https:\/\/comunitatregants.org\/web\/wp-json\/wp\/v2\/comments?post=3292"}],"version-history":[{"count":0,"href":"https:\/\/comunitatregants.org\/web\/wp-json\/wp\/v2\/pages\/3292\/revisions"}],"wp:attachment":[{"href":"https:\/\/comunitatregants.org\/web\/wp-json\/wp\/v2\/media?parent=3292"}],"curies":[{"name":"wp","href":"https:\/\/api.w.org\/{rel}","templated":true}]}}