{"id":3331,"date":"2024-01-25T09:15:59","date_gmt":"2024-01-25T07:15:59","guid":{"rendered":"https:\/\/comunitatregants.org\/web\/?page_id=3331"},"modified":"2024-01-25T10:00:04","modified_gmt":"2024-01-25T08:00:04","slug":"cookies","status":"publish","type":"page","link":"https:\/\/comunitatregants.org\/web\/cookies\/","title":{"rendered":"Pol\u00edtica de Cookies"},"content":{"rendered":"\t\t<div data-elementor-type=\"wp-page\" data-elementor-id=\"3331\" class=\"elementor elementor-3331\">\n\t\t\t\t\t\t<section class=\"elementor-section elementor-top-section elementor-element elementor-element-c3ef750 elementor-section-full_width elementor-section-height-min-height elementor-section-height-default elementor-section-items-middle\" data-id=\"c3ef750\" data-element_type=\"section\" data-settings=\"{&quot;background_background&quot;:&quot;classic&quot;}\">\n\t\t\t\t\t\t<div class=\"elementor-container elementor-column-gap-default\">\n\t\t\t\t\t<div class=\"elementor-column elementor-col-100 elementor-top-column elementor-element elementor-element-2c41f0b\" data-id=\"2c41f0b\" data-element_type=\"column\">\n\t\t\t<div class=\"elementor-widget-wrap elementor-element-populated\">\n\t\t\t\t\t\t<div class=\"elementor-element elementor-element-b9b39ea elementor-widget elementor-widget-heading\" data-id=\"b9b39ea\" data-element_type=\"widget\" data-widget_type=\"heading.default\">\n\t\t\t\t<div class=\"elementor-widget-container\">\n\t\t\t<h1 class=\"elementor-heading-title elementor-size-default\">POL\u00cdTICA DE COOKIES<\/h1>\t\t<\/div>\n\t\t\t\t<\/div>\n\t\t\t\t<div class=\"elementor-element elementor-element-ef298cf elementor-align-center elementor-widget elementor-widget-raven-breadcrumbs\" data-id=\"ef298cf\" data-element_type=\"widget\" data-widget_type=\"raven-breadcrumbs.default\">\n\t\t\t\t<div class=\"elementor-widget-container\">\n\t\t\t<div class=\"raven-breadcrumbs raven-breadcrumbs-default\"><div class=\"breadcrumb\">\t\t\t\t<div class=\"breadcrumb-item active\" aria-current=\"page\"><span>Home<\/span><\/div>\n\n\t\t\t\t<\/div><\/div>\t\t<\/div>\n\t\t\t\t<\/div>\n\t\t\t\t\t<\/div>\n\t\t<\/div>\n\t\t\t\t\t<\/div>\n\t\t<\/section>\n\t\t\t\t<section class=\"elementor-section elementor-top-section elementor-element elementor-element-9f6e479 elementor-section-boxed elementor-section-height-default elementor-section-height-default\" data-id=\"9f6e479\" data-element_type=\"section\">\n\t\t\t\t\t\t<div class=\"elementor-container elementor-column-gap-no\">\n\t\t\t\t\t<div class=\"elementor-column elementor-col-100 elementor-top-column elementor-element elementor-element-dd68e1e raven-column-flex-horizontal\" data-id=\"dd68e1e\" data-element_type=\"column\">\n\t\t\t<div class=\"elementor-widget-wrap elementor-element-populated\">\n\t\t\t\t\t\t<div class=\"elementor-element elementor-element-08e87e8 elementor-widget elementor-widget-text-editor\" data-id=\"08e87e8\" data-element_type=\"widget\" data-widget_type=\"text-editor.default\">\n\t\t\t\t<div class=\"elementor-widget-container\">\n\t\t\t\t\t\t\t<p>De conformitat amb el Reial Decret Llei 13\/2012 i la seva afectaci\u00f3 a l&#8217;article 22.2 de la Llei de Serveis de la Societat de la Informaci\u00f3 i Comer\u00e7 Electr\u00f2nic (LSSICE), aquest lloc web usa\u00a0<em>cookies<\/em>\u00a0de navegaci\u00f3 (petits arxius que contenen una s\u00e8rie de car\u00e0cters que s&#8217;envien al seu navegador des del servidor d&#8217;un lloc web), pr\u00f2pies i de tercers, amb la finalitat de recopilar informaci\u00f3 d&#8217;entrada o identificaci\u00f3 d&#8217;usuaris, reproducci\u00f3 i c\u00e0rrega de formularis i\/o complements de contingut; publicit\u00e0ries; estad\u00edstiques; entre d&#8217;altres.<\/p><p>Aquesta pol\u00edtica t\u00e9 com a finalitat informar de les diferents\u00a0<em>cookies<\/em>\u00a0que comunitatregants.org recull, pr\u00f2pies o de tercers, exemptes o no del deure d&#8217;informar i els diferents mitjans a trav\u00e9s dels quals pot rebutjar, permetre o bloquejar. En qualsevol cas, comunitatregants.org l&#8217;informa que el rebuig, bloqueig o no permissibilitat de\u00a0<em>cookies<\/em>\u00a0pot afectar a la correcta navegaci\u00f3 pels continguts reprodu\u00efts en aquest lloc web.<\/p><p><strong>En cap cas les\u00a0<em>cookies<\/em>\u00a0utilitzades a\u00a0<\/strong><strong>comunitatregants.org recopilen dades de car\u00e0cter personal dels usuaris que visitin aquest lloc web.<\/strong><\/p><p>La informaci\u00f3 que comunitatregants.org recopila amb\u00a0<em>cookies \u00e9<\/em>s de dos tipus:<\/p><p><strong><em>Cookies<\/em>\u00a0pr\u00f2pies<\/strong>. Tienen com a finalitat recordar identificacions de registres; prefer\u00e8ncies d&#8217;eines en la utilitzaci\u00f3 de continguts; interactuar amb els continguts; localitzaci\u00f3 d&#8217;acc\u00e9s als continguts. Aquest tipus de\u00a0<em>cookies\u00a0<\/em>poden tenir una caducitat variable: imminent, di\u00e0ria o un \u00e0mbit de temps major. A continuaci\u00f3 es mostren les\u00a0<em>cookies<\/em>\u00a0pr\u00f2pies que s&#8217;utilitzen en aquest lloc web:<\/p><p>\u00a0<\/p><p><strong>Nom:<\/strong> comunitatregants.org<\/p><p><strong>Cookie:<\/strong> volcookies<\/p><p><strong>Finalitat:<\/strong> Guarda l&#8217;acceptaci\u00f3 d&#8217;\u00fas de\u00a0<em>cookies<\/em>\u00a0en aquest web per no sol\u00b7licitar-ho cada vegada que s&#8217;accedeixi des d&#8217;un mateix dispositiu i navegador.<\/p><p>\u00a0<\/p><p><strong><em>Cookies<\/em>\u00a0de tercers<\/strong>\u00a0estrictament no necess\u00e0ries per a prestar serveis, com ara, publicitat de tercers; informaci\u00f3 de resultats, h\u00e0bits de navegaci\u00f3; millora de rendiments. Aquest tipus de\u00a0<em>cookies<\/em>\u00a0es caracteritzen per obtenir informaci\u00f3 amb les seg\u00fcents finalitats: gestionar els espais publicitaris; con\u00e8ixer els h\u00e0bits de navegaci\u00f3-publicitat comportamental-, analitzar i mesurar resultats. Les\u00a0<em>cookies<\/em>\u00a0poden tenir una caducitat variable: imminent, di\u00e0ria o un \u00e0mbit de temps major. A continuaci\u00f3 es mostren les\u00a0<em>cookies<\/em>\u00a0de tercers que s&#8217;utilitzen en aquest lloc web:<\/p><p>\u00a0<\/p><p><strong>Nom:<\/strong> Google Analytics<\/p><p><strong>Cookie:<\/strong> _ga \/ __utma \/ __utmb \/ __utmc<\/p><p><strong>Finalitat:<\/strong> Recopila informaci\u00f3 an\u00f2nima sobre la navegaci\u00f3 dels usuaris pel lloc web amb la finalitat de generar dades estad\u00edstiques.<\/p><p>M\u00e9s informaci\u00f3: <a href=\"http:\/\/www.google.com\/intl\/es\/analytics\/privacyoverview.html\" target=\"_blank\" rel=\"external noopener\">Centre de privacitat de Google<\/a> i\u00a0<a href=\"http:\/\/tools.google.com\/dlpage\/gaoptout?hl=es\" target=\"_blank\" rel=\"external noopener\">Complement d&#8217;inhabilitaci\u00f3 de Google Analytics<\/a><\/p>\t\t\t\t\t\t<\/div>\n\t\t\t\t<\/div>\n\t\t\t\t\t<\/div>\n\t\t<\/div>\n\t\t\t\t\t<\/div>\n\t\t<\/section>\n\t\t\t\t<\/div>\n\t\t","protected":false},"excerpt":{"rendered":"<p>POL\u00cdTICA DE COOKIES Home De conformitat amb el Reial Decret Llei 13\/2012 i la seva afectaci\u00f3 a l&#8217;article 22.2 de la Llei de Serveis de la Societat de la Informaci\u00f3 i Comer\u00e7 Electr\u00f2nic (LSSICE), aquest lloc web usa\u00a0cookies\u00a0de navegaci\u00f3 (petits arxius que contenen una s\u00e8rie de car\u00e0cters que s&#8217;envien al seu navegador des del servidor [&hellip;]<\/p>\n","protected":false},"author":1,"featured_media":0,"parent":0,"menu_order":0,"comment_status":"closed","ping_status":"closed","template":"full-width.php","meta":{"_acf_changed":false,"footnotes":""},"class_list":["post-3331","page","type-page","status-publish","hentry"],"acf":[],"_links":{"self":[{"href":"https:\/\/comunitatregants.org\/web\/wp-json\/wp\/v2\/pages\/3331","targetHints":{"allow":["GET"]}}],"collection":[{"href":"https:\/\/comunitatregants.org\/web\/wp-json\/wp\/v2\/pages"}],"about":[{"href":"https:\/\/comunitatregants.org\/web\/wp-json\/wp\/v2\/types\/page"}],"author":[{"embeddable":true,"href":"https:\/\/comunitatregants.org\/web\/wp-json\/wp\/v2\/users\/1"}],"replies":[{"embeddable":true,"href":"https:\/\/comunitatregants.org\/web\/wp-json\/wp\/v2\/comments?post=3331"}],"version-history":[{"count":0,"href":"https:\/\/comunitatregants.org\/web\/wp-json\/wp\/v2\/pages\/3331\/revisions"}],"wp:attachment":[{"href":"https:\/\/comunitatregants.org\/web\/wp-json\/wp\/v2\/media?parent=3331"}],"curies":[{"name":"wp","href":"https:\/\/api.w.org\/{rel}","templated":true}]}}