{"id":5473,"date":"2024-09-23T12:24:07","date_gmt":"2024-09-23T10:24:07","guid":{"rendered":"https:\/\/comunitatregants.org\/web\/?page_id=5473"},"modified":"2024-09-30T09:07:59","modified_gmt":"2024-09-30T07:07:59","slug":"descripcio","status":"publish","type":"page","link":"https:\/\/comunitatregants.org\/web\/entitat\/descripcio\/","title":{"rendered":"Descripcio"},"content":{"rendered":"\t\t<div data-elementor-type=\"wp-page\" data-elementor-id=\"5473\" class=\"elementor elementor-5473\">\n\t\t\t\t\t\t<section class=\"elementor-section elementor-top-section elementor-element elementor-element-c3ef750 elementor-section-full_width elementor-section-height-min-height elementor-section-height-default elementor-section-items-middle\" data-id=\"c3ef750\" data-element_type=\"section\" data-settings=\"{&quot;background_background&quot;:&quot;classic&quot;}\">\n\t\t\t\t\t\t<div class=\"elementor-container elementor-column-gap-default\">\n\t\t\t\t\t<div class=\"elementor-column elementor-col-100 elementor-top-column elementor-element elementor-element-2c41f0b\" data-id=\"2c41f0b\" data-element_type=\"column\">\n\t\t\t<div class=\"elementor-widget-wrap elementor-element-populated\">\n\t\t\t\t\t\t<div class=\"elementor-element elementor-element-b9b39ea elementor-widget elementor-widget-heading\" data-id=\"b9b39ea\" data-element_type=\"widget\" data-widget_type=\"heading.default\">\n\t\t\t\t<div class=\"elementor-widget-container\">\n\t\t\t<h1 class=\"elementor-heading-title elementor-size-default\">SOBRE L'ENTITAT<\/h1>\t\t<\/div>\n\t\t\t\t<\/div>\n\t\t\t\t<div class=\"elementor-element elementor-element-ef298cf elementor-align-center elementor-widget elementor-widget-raven-breadcrumbs\" data-id=\"ef298cf\" data-element_type=\"widget\" data-widget_type=\"raven-breadcrumbs.default\">\n\t\t\t\t<div class=\"elementor-widget-container\">\n\t\t\t<div class=\"raven-breadcrumbs raven-breadcrumbs-default\"><div class=\"breadcrumb\">\t\t\t\t<div class=\"breadcrumb-item active\" aria-current=\"page\"><span>Home<\/span><\/div>\n\n\t\t\t\t<\/div><\/div>\t\t<\/div>\n\t\t\t\t<\/div>\n\t\t\t\t\t<\/div>\n\t\t<\/div>\n\t\t\t\t\t<\/div>\n\t\t<\/section>\n\t\t\t\t<section class=\"elementor-section elementor-top-section elementor-element elementor-element-9f6e479 elementor-section-boxed elementor-section-height-default elementor-section-height-default\" data-id=\"9f6e479\" data-element_type=\"section\">\n\t\t\t\t\t\t<div class=\"elementor-container elementor-column-gap-no\">\n\t\t\t\t\t<div class=\"elementor-column elementor-col-100 elementor-top-column elementor-element elementor-element-dd68e1e\" data-id=\"dd68e1e\" data-element_type=\"column\">\n\t\t\t<div class=\"elementor-widget-wrap elementor-element-populated\">\n\t\t\t\t\t\t<div class=\"elementor-element elementor-element-f3b55cd elementor-widget elementor-widget-heading\" data-id=\"f3b55cd\" data-element_type=\"widget\" data-widget_type=\"heading.default\">\n\t\t\t\t<div class=\"elementor-widget-container\">\n\t\t\t<h2 class=\"elementor-heading-title elementor-size-default\">DESCRIPCI\u00d3<br><br><\/h2>\t\t<\/div>\n\t\t\t\t<\/div>\n\t\t\t\t<div class=\"elementor-element elementor-element-1ea8f8a elementor-widget elementor-widget-text-editor\" data-id=\"1ea8f8a\" data-element_type=\"widget\" data-widget_type=\"text-editor.default\">\n\t\t\t\t<div class=\"elementor-widget-container\">\n\t\t\t\t\t\t\t<p>Fundada l&#8217;any 1861 com a Sindicato de Riegos del Delta, l&#8217;any&nbsp; 1967 esdevingu\u00e9 en Comunitat General de Regants del Canal de la Dreta de l&#8217;Ebre (CGRCDE). Una Corporaci\u00f3n de derecho p\u00fablico adscrita a la Confederaci\u00f3n Hidrogr\u00e1fica del Ebro, la qual ens atorga una concessi\u00f3&nbsp; de 27,6m3\/s per a regar les 14.000 has. de regadiu de la marge dreta del Delta de l&#8217;Ebre.<\/p>\n<p>L&#8217;entitat \u00e9s l&#8217;encarregada de la gesti\u00f3 i aprofitament de les aig\u00fces, aix\u00ed com del manteniment i bon estat de les infraestructures per optimitzar, al m\u00e0xim, la distribuci\u00f3 de l&#8217;aigua de reg.<\/p>\n<p>Per\u00f2 els objectius de la Comunitat no s&#8217;acaben aqu\u00ed, sin\u00f3 que forma part de l&#8217;Associaci\u00f3 de Deltes del Mediterrani (DELTAMED), que agrupa els deltes dels rius: Po, Danubio, R\u00f2dano, Evros, Nilo,&nbsp; Ebro, la Albufera de Valencia i el estuari del Guadalquivir.<\/p>\n<p>El seu prop\u00f2sit \u00e9s treballar conjuntament amb els problemes comuns que afecten a aquests espais humits; pret\u00e9n convertir-se en un actor principal amb capacitat d&#8217;influ\u00e8ncia i di\u00e0leg amb la Uni\u00f3 Europea perqu\u00e8 s&#8217;impliqui en la soluci\u00f3 dels problemes dels deltes: eustatisme, subsid\u00e8ncia, canvi clim\u00e0tic, etc. aix\u00ed com compatibilitzar la sostenibilitat ambiental i la producci\u00f3 agr\u00edcola.<\/p>\n<p>A m\u00e9s, l&#8217;entitat compta amb un \u00c0rea de Serveis Educatius, per donar a con\u00e8ixer la Geografia, Hist\u00f2ria, Antropologia, Hidr\u00e0ulica, Medi Ambient, etc. a les noves generacions perqu\u00e8 coneguin el proc\u00e9s i els esfor\u00e7os del nostres avantpassats per gaudir del Delta que tenim actualment.<\/p>\n<p>Aquest servei resta obert a altres grups interessats.&nbsp;<\/p>\t\t\t\t\t\t<\/div>\n\t\t\t\t<\/div>\n\t\t\t\t\t<\/div>\n\t\t<\/div>\n\t\t\t\t\t<\/div>\n\t\t<\/section>\n\t\t\t\t<\/div>\n\t\t","protected":false},"excerpt":{"rendered":"<p>SOBRE L&#8217;ENTITAT Home DESCRIPCI\u00d3 Fundada l&#8217;any 1861 com a Sindicato de Riegos del Delta, l&#8217;any&nbsp; 1967 esdevingu\u00e9 en Comunitat General de Regants del Canal de la Dreta de l&#8217;Ebre (CGRCDE). Una Corporaci\u00f3n de derecho p\u00fablico adscrita a la Confederaci\u00f3n Hidrogr\u00e1fica del Ebro, la qual ens atorga una concessi\u00f3&nbsp; de 27,6m3\/s per a regar les 14.000 [&hellip;]<\/p>\n","protected":false},"author":1,"featured_media":0,"parent":5356,"menu_order":0,"comment_status":"closed","ping_status":"closed","template":"full-width.php","meta":{"_acf_changed":false,"footnotes":""},"class_list":["post-5473","page","type-page","status-publish","hentry"],"acf":[],"_links":{"self":[{"href":"https:\/\/comunitatregants.org\/web\/wp-json\/wp\/v2\/pages\/5473","targetHints":{"allow":["GET"]}}],"collection":[{"href":"https:\/\/comunitatregants.org\/web\/wp-json\/wp\/v2\/pages"}],"about":[{"href":"https:\/\/comunitatregants.org\/web\/wp-json\/wp\/v2\/types\/page"}],"author":[{"embeddable":true,"href":"https:\/\/comunitatregants.org\/web\/wp-json\/wp\/v2\/users\/1"}],"replies":[{"embeddable":true,"href":"https:\/\/comunitatregants.org\/web\/wp-json\/wp\/v2\/comments?post=5473"}],"version-history":[{"count":3,"href":"https:\/\/comunitatregants.org\/web\/wp-json\/wp\/v2\/pages\/5473\/revisions"}],"predecessor-version":[{"id":5599,"href":"https:\/\/comunitatregants.org\/web\/wp-json\/wp\/v2\/pages\/5473\/revisions\/5599"}],"up":[{"embeddable":true,"href":"https:\/\/comunitatregants.org\/web\/wp-json\/wp\/v2\/pages\/5356"}],"wp:attachment":[{"href":"https:\/\/comunitatregants.org\/web\/wp-json\/wp\/v2\/media?parent=5473"}],"curies":[{"name":"wp","href":"https:\/\/api.w.org\/{rel}","templated":true}]}}